{"id":3253,"date":"2020-12-28T18:10:58","date_gmt":"2020-12-28T18:10:58","guid":{"rendered":"https:\/\/clover.com.tr\/about-2\/"},"modified":"2025-12-29T23:53:46","modified_gmt":"2025-12-29T23:53:46","slug":"privacy-center","status":"publish","type":"page","link":"https:\/\/clover.com.tr\/tr\/privacy-center\/","title":{"rendered":"Gizlilik Merkezi"},"content":{"rendered":"<div class=\"wpb-content-wrapper\"><div data-vc-full-width=\"true\" data-vc-full-width-temp=\"true\" data-vc-full-width-init=\"false\" class=\"vc_row wpb_row vc_row-fluid about-section about-page vc_custom_1531366134122\"><div class=\"wpb_column vc_column_container vc_col-sm-12\"><div class=\"vc_column-inner\"><div class=\"wpb_wrapper\">\n<div class=\"sec-title\">\n\t<div class=\"tag-line\">2001 y\u0131l\u0131ndan bu yana k\u00fcresel \u00e7\u00f6z\u00fcm orta\u011f\u0131n\u0131z<\/div><!-- \/.tag-line -->\n\t<h2><\/p>\n<h2><span style=\"color: #339966\">clover<\/span><span style=\"color: #ff0000\">\u00ae<\/span>\u00a0Sanayi ve Ticaret A.\u015e.<\/h2>\n<p><\/h2>\n<\/div>\n\n\t<div class=\"wpb_text_column wpb_content_element\" >\n\t\t<div class=\"wpb_wrapper\">\n\t\t\t<p data-start=\"577\" data-end=\"741\">The <strong data-start=\"581\" data-end=\"599\">Gizlilik Merkezi<\/strong> is designed to help you understand and manage how your personal data is handled by <span style=\"color: #339966;\">clover<\/span><strong data-start=\"683\" data-end=\"717\"><span style=\"color: #ff0000;\">\u00ae<\/span> Sanayi ve Ticaret A.\u015e.<\/strong> when using our website.<\/p>\n<p data-start=\"743\" data-end=\"921\">From this page, you can access all relevant legal documents and privacy-related tools, including data protection policies, cookie information, and your individual privacy rights.<\/p>\n<hr data-start=\"923\" data-end=\"926\" \/>\n<h2 data-start=\"928\" data-end=\"955\"><strong data-start=\"931\" data-end=\"955\">Your Privacy Choices<br \/>\n<\/strong><\/h2>\n<p>&nbsp;<\/p>\n<p data-start=\"956\" data-end=\"1000\">Through the options provided below, you may:<\/p>\n<ul data-start=\"1002\" data-end=\"1343\">\n<li data-start=\"1002\" data-end=\"1082\">\n<p data-start=\"1004\" data-end=\"1082\">Review our <strong data-start=\"1015\" data-end=\"1033\">Gizlilik Politikas\u0131<\/strong>, <strong data-start=\"1035\" data-end=\"1052\">\u00c7erez Politikas\u0131<\/strong>, and <strong data-start=\"1058\" data-end=\"1080\">Terms &amp; Conditions<\/strong><\/p>\n<\/li>\n<li data-start=\"1083\" data-end=\"1132\">\n<p data-start=\"1085\" data-end=\"1132\">Contact our <strong data-start=\"1097\" data-end=\"1130\">Data Protection Officer (DPO)<\/strong><\/p>\n<\/li>\n<li data-start=\"1133\" data-end=\"1183\">\n<p data-start=\"1135\" data-end=\"1183\">Manage your <strong data-start=\"1147\" data-end=\"1181\">privacy and cookie preferences<\/strong><\/p>\n<\/li>\n<li data-start=\"1184\" data-end=\"1257\">\n<p data-start=\"1186\" data-end=\"1257\">Submit a request to <strong data-start=\"1206\" data-end=\"1255\">access, correct, or delete your personal data<\/strong><\/p>\n<\/li>\n<li data-start=\"1258\" data-end=\"1343\">\n<p data-start=\"1260\" data-end=\"1343\">Review legal disclosures such as <strong data-start=\"1293\" data-end=\"1307\">Feragatname<\/strong>, <strong data-start=\"1309\" data-end=\"1320\">K\u00fcnye<\/strong>, and <strong data-start=\"1326\" data-end=\"1343\">Medya Kredileri<\/strong><\/p>\n<\/li>\n<\/ul>\n<p data-start=\"1345\" data-end=\"1522\">These options are provided to ensure transparency, control, and compliance with applicable data protection regulations, including GDPR and relevant Turkish data protection laws.<\/p>\n<hr data-start=\"1524\" data-end=\"1527\" \/>\n<h2 data-start=\"1529\" data-end=\"1558\"><strong data-start=\"1532\" data-end=\"1558\">How We Handle Requests<\/strong><\/h2>\n<p>&nbsp;<\/p>\n<p data-start=\"1559\" data-end=\"1771\">Requests submitted through the Privacy Center are processed confidentially and in accordance with legal requirements. We aim to respond to all valid data protection requests within the legally defined timeframes.<\/p>\n\n\t\t<\/div>\n\t<\/div>\n\n\t<div class=\"wpb_text_column wpb_content_element\" >\n\t\t<div class=\"wpb_wrapper\">\n\t\t\t<div class=\"wordpress-gdpr-privacy-center\"><div class=\"wordpress-gdpr-privacy-center-items\"><a href=\"https:\/\/clover.com.tr\/tr\/contact-dpo-page\/\" class=\"wordpress-gdpr-privacy-center-item\"><div class=\"wordpress-gdpr-privacy-center-item-contactDPO\"><i class=\"fa fa-user-circle-o\"><\/i><h2 class=\"wordpress-gdpr-privacy-center-item-headline\">Veri Koruma G\u00f6revlimizle \u0130leti\u015fime Ge\u00e7in<\/h2><p class=\"wordpress-gdpr-privacy-center-item-desc\">Contact our Data Protection Officer.<\/p><div class=\"wordpress-gdpr-privacy-center-item-action\">Learn More<\/div><\/div><\/a><a href=\"https:\/\/clover.com.tr\/tr\/cookie-policy-page\/\" class=\"wordpress-gdpr-privacy-center-item\"><div class=\"wordpress-gdpr-privacy-center-item-cookiePolicy\"><i class=\"fa  fa-list-alt\"><\/i><h2 class=\"wordpress-gdpr-privacy-center-item-headline\">\u00c7erez Politikas\u0131<\/h2><p class=\"wordpress-gdpr-privacy-center-item-desc\">Read more about our Cookie Policy.<\/p><div class=\"wordpress-gdpr-privacy-center-item-action\">Learn More<\/div><\/div><\/a><a href=\"https:\/\/clover.com.tr\/tr\/disclaimer-page\/\" class=\"wordpress-gdpr-privacy-center-item wordpress-gdpr-privacy-center-item-last\"><div class=\"wordpress-gdpr-privacy-center-item-disclaimer\"><i class=\"fa fa-gavel\"><\/i><h2 class=\"wordpress-gdpr-privacy-center-item-headline\">Feragatname<\/h2><p class=\"wordpress-gdpr-privacy-center-item-desc\">Learn more about our liabilities.<\/p><div class=\"wordpress-gdpr-privacy-center-item-action\">Learn More<\/div><\/div><\/a><a href=\"https:\/\/clover.com.tr\/tr\/imprint-page\/\" class=\"wordpress-gdpr-privacy-center-item\"><div class=\"wordpress-gdpr-privacy-center-item-imprint\"><i class=\"fa fa-file-text-o\"><\/i><h2 class=\"wordpress-gdpr-privacy-center-item-headline\">K\u00fcnye<\/h2><p class=\"wordpress-gdpr-privacy-center-item-desc\">Learn about our ownership and authorship.<\/p><div class=\"wordpress-gdpr-privacy-center-item-action\">Learn More<\/div><\/div><\/a><a href=\"https:\/\/clover.com.tr\/tr\/media-credits-page\/\" class=\"wordpress-gdpr-privacy-center-item\"><div class=\"wordpress-gdpr-privacy-center-item-mediaCredits\"><i class=\"fa fa-file-image-o\"><\/i><h2 class=\"wordpress-gdpr-privacy-center-item-headline\">Medya Kredileri<\/h2><p class=\"wordpress-gdpr-privacy-center-item-desc\">Get to know the Credits of our Media.<\/p><div class=\"wordpress-gdpr-privacy-center-item-action\">Learn More<\/div><\/div><\/a><a href=\"https:\/\/clover.com.tr\/tr\/request-data-archive-page\/\" class=\"wordpress-gdpr-privacy-center-item wordpress-gdpr-privacy-center-item-last\"><div class=\"wordpress-gdpr-privacy-center-item-requestData\"><i class=\"fa fa-database\"><\/i><h2 class=\"wordpress-gdpr-privacy-center-item-headline\">Request Data<\/h2><p class=\"wordpress-gdpr-privacy-center-item-desc\">Submit a request to get a copy of all your data stored.<\/p><div class=\"wordpress-gdpr-privacy-center-item-action\">Learn More<\/div><\/div><\/a><a href=\"https:\/\/clover.com.tr\/tr\/privacy-policy-page\/\" class=\"wordpress-gdpr-privacy-center-item\"><div class=\"wordpress-gdpr-privacy-center-item-privacyPolicy\"><i class=\"fa fa-file-text\"><\/i><h2 class=\"wordpress-gdpr-privacy-center-item-headline\">Gizlilik Politikas\u0131<\/h2><p class=\"wordpress-gdpr-privacy-center-item-desc\">Read about our Privacy Policy here.<\/p><div class=\"wordpress-gdpr-privacy-center-item-action\">Learn More<\/div><\/div><\/a><a href=\"#\" class=\"wordpress-gdpr-privacy-center-item wordpress-gdpr-open-privacy-settings-modal\"><div class=\"wordpress-gdpr-privacy-center-item-privacySettings\"><i class=\"fa fa-user-secret\"><\/i><h2 class=\"wordpress-gdpr-privacy-center-item-headline\">Gizlilik ayarlar\u0131<\/h2><p class=\"wordpress-gdpr-privacy-center-item-desc\">Configure your personal privacy settings here.<\/p><div class=\"wordpress-gdpr-privacy-center-item-action\">Learn More<\/div><\/div><\/a><a href=\"https:\/\/clover.com.tr\/tr\/terms-conditions-page\/\" class=\"wordpress-gdpr-privacy-center-item wordpress-gdpr-privacy-center-item-last\"><div class=\"wordpress-gdpr-privacy-center-item-termsConditions\"><i class=\"fa fa-align-left\"><\/i><h2 class=\"wordpress-gdpr-privacy-center-item-headline\">\u015eartlar ve Ko\u015fullar<\/h2><p class=\"wordpress-gdpr-privacy-center-item-desc\">Read more about the Terms & Conditions of our website.<\/p><div class=\"wordpress-gdpr-privacy-center-item-action\">Learn More<\/div><\/div><\/a><\/div><\/div>\n\n\t\t<\/div>\n\t<\/div>\n<div class=\"vc_empty_space\"   style=\"height: 30px\"><span class=\"vc_empty_space_inner\"><\/span><\/div><\/div><\/div><\/div><\/div><div class=\"vc_row-full-width vc_clearfix\"><\/div><div data-vc-full-width=\"true\" data-vc-full-width-temp=\"true\" data-vc-full-width-init=\"false\" class=\"vc_row wpb_row vc_row-fluid mission-history-area vc_custom_1531366187529\"><div class=\"sec-title wpb_column vc_column_container vc_col-sm-6\"><div class=\"vc_column-inner\"><div class=\"wpb_wrapper\">\n\t<div class=\"wpb_text_column wpb_content_element\" >\n\t\t<div class=\"wpb_wrapper\">\n\t\t\t<h3>Amac\u0131m\u0131z<\/h3>\n<div class=\"line\"><\/div>\n\n\t\t<\/div>\n\t<\/div>\n\n\t<div class=\"wpb_text_column wpb_content_element misson-content\" >\n\t\t<div class=\"wpb_wrapper\">\n\t\t\t<p>Marka imaj\u0131m\u0131z\u0131 en \u00fcst seviyede devam ettirmek i\u00e7in, kaliteyi en \u00f6nde tutarak, en uygun fiyata en iyi hizmet vermek.<\/p>\n<p>M\u00fcmk\u00fcn olan en iyi m\u00fc\u015fteri hizmetini sa\u011flamak.<\/p>\n<p>Daha geni\u015f vizyona ula\u015fmak ve bu vizyonu s\u00fcrd\u00fcrmek i\u00e7in yeni ortakl\u0131klar kurmak.<\/p>\n\n\t\t<\/div>\n\t<\/div>\n<\/div><\/div><\/div><div class=\"sec-title wpb_column vc_column_container vc_col-sm-6\"><div class=\"vc_column-inner\"><div class=\"wpb_wrapper\">\n\t<div class=\"wpb_text_column wpb_content_element\" >\n\t\t<div class=\"wpb_wrapper\">\n\t\t\t<h3>Vizyonumuz<\/h3>\n<div class=\"line\"><\/div>\n\n\t\t<\/div>\n\t<\/div>\n\n\t<div class=\"wpb_text_column wpb_content_element\" >\n\t\t<div class=\"wpb_wrapper\">\n\t\t\t<p>\u00dcretim yaparken ve \u00e7\u00f6z\u00fcm \u00fcretirken en g\u00fcvenilir i\u015f orta\u011f\u0131 olmak.<\/p>\n\n\t\t<\/div>\n\t<\/div>\n\n\t<div class=\"wpb_text_column wpb_content_element\" >\n\t\t<div class=\"wpb_wrapper\">\n\t\t\t<h3>Our Purpose<\/h3>\n<div class=\"line\"><\/div>\n\n\t\t<\/div>\n\t<\/div>\n\n\t<div class=\"wpb_text_column wpb_content_element\" >\n\t\t<div class=\"wpb_wrapper\">\n\t\t\t<p><span style=\"color: #ffffff\">\u0130\u015f hayat\u0131na kalite ve s\u00fcrd\u00fcr\u00fclebilirlik kat\u0131yoruz.<\/span><\/p>\n\n\t\t<\/div>\n\t<\/div>\n<\/div><\/div><\/div><\/div><div class=\"vc_row-full-width vc_clearfix\"><\/div><div data-vc-full-width=\"true\" data-vc-full-width-temp=\"true\" data-vc-full-width-init=\"false\" class=\"vc_row wpb_row vc_row-fluid mission-history-area vc_custom_1531366187529\"><div class=\"sec-title wpb_column vc_column_container vc_col-sm-12\"><div class=\"vc_column-inner\"><div class=\"wpb_wrapper\">\n\t<div class=\"wpb_text_column wpb_content_element\" >\n\t\t<div class=\"wpb_wrapper\">\n\t\t\t<h3 style=\"text-align: center;\">De\u011ferlerimiz<\/h3>\n<div class=\"line\" style=\"text-align: center;\"><\/div>\n\n\t\t<\/div>\n\t<\/div>\n\n\t<div class=\"wpb_text_column wpb_content_element misson-content\" >\n\t\t<div class=\"wpb_wrapper\">\n\t\t\t<p style=\"text-align: center;\">Fairness<br \/>\n\u00d6zen<br \/>\nD\u00fcr\u00fcstl\u00fck<br \/>\n<span style=\"letter-spacing: 0.48px;\">D\u00fcr\u00fcstl\u00fck<\/span><br style=\"letter-spacing: 0.48px;\" \/><span style=\"letter-spacing: 0.48px;\">Sayg\u0131<\/span><br style=\"letter-spacing: 0.48px;\" \/><span style=\"letter-spacing: 0.48px;\">Sorumluluk<\/span><\/p>\n\n\t\t<\/div>\n\t<\/div>\n<\/div><\/div><\/div><\/div><div class=\"vc_row-full-width vc_clearfix\"><\/div><div data-vc-full-width=\"true\" data-vc-full-width-temp=\"true\" data-vc-full-width-init=\"false\" class=\"vc_row wpb_row vc_row-fluid fun-fact-area dark-v vc_custom_1532091802187\"><div class=\"wpb_column vc_column_container vc_col-sm-3\"><div class=\"vc_column-inner vc_custom_1531118161332\"><div class=\"wpb_wrapper\">\n\t<div class=\"wpb_text_column wpb_content_element\" >\n\t\t<div class=\"wpb_wrapper\">\n\t\t\t<h3 class=\"title\">Kurulu\u015f.<br \/>\n2001<\/h3>\n\n\t\t<\/div>\n\t<\/div>\n<\/div><\/div><\/div><div class=\"wpb_column vc_column_container vc_col-sm-3\"><div class=\"vc_column-inner vc_custom_1531117825631\"><div class=\"wpb_wrapper\"><div class=\"single-fun-fact\">\n\t<div class=\"line\"><\/div><!-- \/.line -->\n\t<span class=\"number\"><\/span>\n\t<span class=\"number counter\">23<\/span>\n\t<p>Year In Business<\/p>\n<\/div><\/div><\/div><\/div><div class=\"wpb_column vc_column_container vc_col-sm-3\"><div class=\"vc_column-inner vc_custom_1531117832989\"><div class=\"wpb_wrapper\"><div class=\"single-fun-fact\">\n\t<div class=\"line\"><\/div><!-- \/.line -->\n\t<span class=\"number\"><\/span>\n\t<span class=\"number counter\">100%<\/span>\n\t<p>m\u00fc\u015fteri memnuniyeti.<\/p>\n<\/div><\/div><\/div><\/div><div class=\"wpb_column vc_column_container vc_col-sm-3\"><div class=\"vc_column-inner vc_custom_1531117837291\"><div class=\"wpb_wrapper\"><div class=\"single-fun-fact\">\n\t<div class=\"line\"><\/div><!-- \/.line -->\n\t<span class=\"number\"><\/span>\n\t<span class=\"number counter\">7\/24<\/span>\n\t<p>G\u00f6revdeyiz.<\/p>\n<\/div><\/div><\/div><\/div><\/div><div class=\"vc_row-full-width vc_clearfix\"><\/div><div data-vc-full-width=\"true\" data-vc-full-width-temp=\"true\" data-vc-full-width-init=\"false\" class=\"vc_row wpb_row vc_row-fluid advisor-area home-page-two sec-pad vc_custom_1531366648532 vc_row-has-fill\"><div class=\"sec-title two wpb_column vc_column_container vc_col-sm-3\"><div class=\"vc_column-inner\"><div class=\"wpb_wrapper\"><\/div><\/div><\/div><div class=\"wpb_column vc_column_container vc_col-sm-3\"><div class=\"vc_column-inner\"><div class=\"wpb_wrapper\"><\/div><\/div><\/div><div class=\"wpb_column vc_column_container vc_col-sm-3\"><div class=\"vc_column-inner\"><div class=\"wpb_wrapper\"><\/div><\/div><\/div><div class=\"wpb_column vc_column_container vc_col-sm-3\"><div class=\"vc_column-inner\"><div class=\"wpb_wrapper\"><\/div><\/div><\/div><\/div><div class=\"vc_row-full-width vc_clearfix\"><\/div><div data-vc-full-width=\"true\" data-vc-full-width-temp=\"true\" data-vc-full-width-init=\"false\" data-vc-stretch-content=\"true\" class=\"vc_row wpb_row vc_row-fluid vc_row-no-padding\"><div class=\"wpb_column vc_column_container vc_col-sm-12\"><div class=\"vc_column-inner vc_custom_1532089334274\"><div class=\"wpb_wrapper\">\t\t<div class=\"tt-post-wrapper\">\n\t\t\n<section class=\"testimonial-style-one\">\n    <div class=\"thm-container\">\n        <div class=\"testimonial-carousel-one owl-carousel owl-theme\">\n\t\t\t\t\t\n            <div class=\"item\">\n                <div class=\"single-testimonial\">\n                    <div class=\"inner-content\">\n                        <div class=\"img-box\">\n                            <div class=\"inner\">\n                                <img loading=\"lazy\" decoding=\"async\" width=\"80\" height=\"80\" src=\"https:\/\/clover.com.tr\/wp-content\/uploads\/2018\/01\/testi-1-1.png\" class=\"attachment-80x80 size-80x80 wp-post-image\" alt=\"\" \/>                                <span class=\"qoute-mark\">\u201c<\/span>\n                            <\/div><!-- \/.inner -->\n                        <\/div><!-- \/.img-box -->\n                        <div class=\"text-box\">\n                            <p>Nam libero tempore, cum soluta nobis est eligendi optio cumque nihil impedit quo minus id quod maxime placeat facere possimus, omnis voluptas assumenda est, omnis dolor repellendus. Temporibus autem quibusdam et aut officiis debitis.<\/p>\n                            <span class=\"name\">- Michale John<\/span>\n                            <span class=\"position\">Quality Assurance Manager<\/span>\n                        <\/div><!-- \/.text-box -->\n                    <\/div><!-- \/.inner-content -->\n                <\/div><!-- \/.single-testimonial -->\n            <\/div><!-- \/.item -->\n\t\t\t\t\t\t\t\n            <div class=\"item\">\n                <div class=\"single-testimonial\">\n                    <div class=\"inner-content\">\n                        <div class=\"img-box\">\n                            <div class=\"inner\">\n                                <img loading=\"lazy\" decoding=\"async\" width=\"80\" height=\"80\" src=\"https:\/\/clover.com.tr\/wp-content\/uploads\/2018\/01\/testi-1-1.png\" class=\"attachment-80x80 size-80x80 wp-post-image\" alt=\"\" \/>                                <span class=\"qoute-mark\">\u201c<\/span>\n                            <\/div><!-- \/.inner -->\n                        <\/div><!-- \/.img-box -->\n                        <div class=\"text-box\">\n                            <p>Nam libero tempore, cum soluta nobis est eligendi optio cumque nihil impedit quo minus id quod maxime placeat facere possimus, omnis voluptas assumenda est, omnis dolor repellendus. Temporibus autem quibusdam et aut officiis debitis.<\/p>\n                            <span class=\"name\">- Michale John 2<\/span>\n                            <span class=\"position\"><\/span>\n                        <\/div><!-- \/.text-box -->\n                    <\/div><!-- \/.inner-content -->\n                <\/div><!-- \/.single-testimonial -->\n            <\/div><!-- \/.item -->\n\t\t\t\t\t\t\t\n            <div class=\"item\">\n                <div class=\"single-testimonial\">\n                    <div class=\"inner-content\">\n                        <div class=\"img-box\">\n                            <div class=\"inner\">\n                                <img loading=\"lazy\" decoding=\"async\" width=\"80\" height=\"80\" src=\"https:\/\/clover.com.tr\/wp-content\/uploads\/2018\/01\/testi-1-1.png\" class=\"attachment-80x80 size-80x80 wp-post-image\" alt=\"\" \/>                                <span class=\"qoute-mark\">\u201c<\/span>\n                            <\/div><!-- \/.inner -->\n                        <\/div><!-- \/.img-box -->\n                        <div class=\"text-box\">\n                            <p>Nam libero tempore, cum soluta nobis est eligendi optio cumque nihil impedit quo minus id quod maxime placeat facere possimus, omnis voluptas assumenda est, omnis dolor repellendus. Temporibus autem quibusdam et aut officiis debitis.<\/p>\n                            <span class=\"name\">- Michale John<\/span>\n                            <span class=\"position\">Quality Assurance Manager<\/span>\n                        <\/div><!-- \/.text-box -->\n                    <\/div><!-- \/.inner-content -->\n                <\/div><!-- \/.single-testimonial -->\n            <\/div><!-- \/.item -->\n\t\t\t        <\/div><!-- \/.testimonial-carousel-one owl-carousel owl-theme -->\n\n    <\/div><!-- \/.thm-container -->\n<\/section><!-- \/.testimonial-style-one -->\t\t<\/div>\n\t\t<\/div><\/div><\/div><\/div><div class=\"vc_row-full-width vc_clearfix\"><\/div>\n<\/div>","protected":false},"excerpt":{"rendered":"Nam libero tempore, cum soluta nobis est eligendi optio cumque nihil impedit quo minus id quod maxime placeat facere possimus, omnis voluptas assumenda est, omnis dolor repellendus. Temporibus autem quibusdam et aut officiis debitis.","protected":false},"author":1,"featured_media":0,"parent":0,"menu_order":0,"comment_status":"closed","ping_status":"closed","template":"","meta":{"footnotes":""},"class_list":["post-3253","page","type-page","status-publish","hentry"],"_links":{"self":[{"href":"https:\/\/clover.com.tr\/tr\/wp-json\/wp\/v2\/pages\/3253","targetHints":{"allow":["GET"]}}],"collection":[{"href":"https:\/\/clover.com.tr\/tr\/wp-json\/wp\/v2\/pages"}],"about":[{"href":"https:\/\/clover.com.tr\/tr\/wp-json\/wp\/v2\/types\/page"}],"author":[{"embeddable":true,"href":"https:\/\/clover.com.tr\/tr\/wp-json\/wp\/v2\/users\/1"}],"replies":[{"embeddable":true,"href":"https:\/\/clover.com.tr\/tr\/wp-json\/wp\/v2\/comments?post=3253"}],"version-history":[{"count":7,"href":"https:\/\/clover.com.tr\/tr\/wp-json\/wp\/v2\/pages\/3253\/revisions"}],"predecessor-version":[{"id":4525,"href":"https:\/\/clover.com.tr\/tr\/wp-json\/wp\/v2\/pages\/3253\/revisions\/4525"}],"wp:attachment":[{"href":"https:\/\/clover.com.tr\/tr\/wp-json\/wp\/v2\/media?parent=3253"}],"curies":[{"name":"wp","href":"https:\/\/api.w.org\/{rel}","templated":true}]}}