{"id":3272,"date":"2020-12-28T18:29:56","date_gmt":"2020-12-28T18:29:56","guid":{"rendered":"https:\/\/clover.com.tr\/about-2\/"},"modified":"2025-12-29T23:34:21","modified_gmt":"2025-12-29T23:34:21","slug":"privacy-policy-page","status":"publish","type":"page","link":"https:\/\/clover.com.tr\/tr\/privacy-policy-page\/","title":{"rendered":"Privacy Policy Page"},"content":{"rendered":"<div class=\"wpb-content-wrapper\"><div data-vc-full-width=\"true\" data-vc-full-width-temp=\"true\" data-vc-full-width-init=\"false\" class=\"vc_row wpb_row vc_row-fluid about-section about-page vc_custom_1531366134122\"><div class=\"wpb_column vc_column_container vc_col-sm-12\"><div class=\"vc_column-inner\"><div class=\"wpb_wrapper\">\n<div class=\"sec-title\">\n\t<div class=\"tag-line\">2001 y\u0131l\u0131ndan bu yana k\u00fcresel \u00e7\u00f6z\u00fcm orta\u011f\u0131n\u0131z<\/div><!-- \/.tag-line -->\n\t<h2><\/p>\n<h2><span style=\"color: #339966\">clover<\/span><span style=\"color: #ff0000\">\u00ae<\/span>\u00a0Sanayi ve Ticaret A.\u015e.<\/h2>\n<p><\/h2>\n<\/div>\n\n\t<div class=\"wpb_text_column wpb_content_element\" >\n\t\t<div class=\"wpb_wrapper\">\n\t\t\t<p data-start=\"598\" data-end=\"783\">This Privacy Policy describes how <span style=\"color: #339966;\">clover<\/span><strong data-start=\"632\" data-end=\"666\"><span style=\"color: #ff0000;\">\u00ae<\/span> Sanayi ve Ticaret A.\u015e.<\/strong> (\u201cclover\u00ae\u201d, \u201cwe\u201d, \u201cour\u201d, \u201cus\u201d) collects, uses, and protects personal data through the website <strong data-start=\"761\" data-end=\"782\"><a class=\"decorated-link\" href=\"https:\/\/clover.com.tr\/tr\/\" target=\"_new\" rel=\"noopener\" data-start=\"763\" data-end=\"780\">www.clover.com.tr<\/a><\/strong>.<\/p>\n<p data-start=\"785\" data-end=\"1053\">We are committed to protecting your privacy and handling personal data in a transparent and secure manner, in accordance with applicable data protection legislation, including the <strong data-start=\"965\" data-end=\"1010\">General Data Protection Regulation (GDPR)<\/strong> and relevant Turkish data protection laws.<\/p>\n<hr data-start=\"1055\" data-end=\"1058\" \/>\n<h2 data-start=\"1060\" data-end=\"1075\"><strong data-start=\"1063\" data-end=\"1075\">1. Scope<\/strong><\/h2>\n<p data-start=\"1076\" data-end=\"1285\">This Privacy Policy applies solely to information collected through our website and related digital communication channels. It does not apply to offline activities or third-party websites linked from our site.<\/p>\n<hr data-start=\"1287\" data-end=\"1290\" \/>\n<h2 data-start=\"1292\" data-end=\"1326\"><strong data-start=\"1295\" data-end=\"1326\">2. Personal Data We Collect<\/strong><\/h2>\n<p data-start=\"1327\" data-end=\"1382\">We may collect and process the following personal data:<\/p>\n<ul data-start=\"1384\" data-end=\"1629\">\n<li data-start=\"1384\" data-end=\"1404\">\n<p data-start=\"1386\" data-end=\"1404\">Name and surname<\/p>\n<\/li>\n<li data-start=\"1405\" data-end=\"1421\">\n<p data-start=\"1407\" data-end=\"1421\">Company name<\/p>\n<\/li>\n<li data-start=\"1422\" data-end=\"1439\">\n<p data-start=\"1424\" data-end=\"1439\">Email address<\/p>\n<\/li>\n<li data-start=\"1440\" data-end=\"1460\">\n<p data-start=\"1442\" data-end=\"1460\">Telephone number<\/p>\n<\/li>\n<li data-start=\"1461\" data-end=\"1533\">\n<p data-start=\"1463\" data-end=\"1533\">Message content and attachments submitted via contact forms or email<\/p>\n<\/li>\n<li data-start=\"1534\" data-end=\"1629\">\n<p data-start=\"1536\" data-end=\"1629\">Technical data such as IP address, browser type, device information, and website usage data<\/p>\n<\/li>\n<\/ul>\n<p data-start=\"1631\" data-end=\"1749\">Personal data is collected only when voluntarily provided or automatically generated through normal website operation.<\/p>\n<hr data-start=\"1751\" data-end=\"1754\" \/>\n<h2 data-start=\"1756\" data-end=\"1792\"><strong data-start=\"1759\" data-end=\"1792\">3. Purpose of Data Processing<\/strong><\/h2>\n<p data-start=\"1793\" data-end=\"1845\">We process personal data for the following purposes:<\/p>\n<ul data-start=\"1847\" data-end=\"2104\">\n<li data-start=\"1847\" data-end=\"1893\">\n<p data-start=\"1849\" data-end=\"1893\">Responding to inquiries and communications<\/p>\n<\/li>\n<li data-start=\"1894\" data-end=\"1950\">\n<p data-start=\"1896\" data-end=\"1950\">Managing business relationships and contact requests<\/p>\n<\/li>\n<li data-start=\"1951\" data-end=\"2004\">\n<p data-start=\"1953\" data-end=\"2004\">Improving website performance and user experience<\/p>\n<\/li>\n<li data-start=\"2005\" data-end=\"2056\">\n<p data-start=\"2007\" data-end=\"2056\">Ensuring website security and preventing misuse<\/p>\n<\/li>\n<li data-start=\"2057\" data-end=\"2104\">\n<p data-start=\"2059\" data-end=\"2104\">Fulfilling legal and regulatory obligations<\/p>\n<\/li>\n<\/ul>\n<p data-start=\"2106\" data-end=\"2175\">Personal data is not used for automated decision-making or profiling.<\/p>\n<hr data-start=\"2177\" data-end=\"2180\" \/>\n<h2 data-start=\"2182\" data-end=\"2218\"><strong data-start=\"2185\" data-end=\"2218\">4. Legal Basis for Processing<\/strong><\/h2>\n<p data-start=\"2219\" data-end=\"2298\">Personal data is processed based on one or more of the following legal grounds:<\/p>\n<ul data-start=\"2300\" data-end=\"2517\">\n<li data-start=\"2300\" data-end=\"2325\">\n<p data-start=\"2302\" data-end=\"2325\">Your explicit consent<\/p>\n<\/li>\n<li data-start=\"2326\" data-end=\"2380\">\n<p data-start=\"2328\" data-end=\"2380\">Performance of a contract or pre-contractual steps<\/p>\n<\/li>\n<li data-start=\"2381\" data-end=\"2418\">\n<p data-start=\"2383\" data-end=\"2418\">Compliance with legal obligations<\/p>\n<\/li>\n<li data-start=\"2419\" data-end=\"2517\">\n<p data-start=\"2421\" data-end=\"2517\">Legitimate business interests, provided such interests do not override your fundamental rights<\/p>\n<\/li>\n<\/ul>\n<hr data-start=\"2519\" data-end=\"2522\" \/>\n<h2 data-start=\"2524\" data-end=\"2558\"><strong data-start=\"2527\" data-end=\"2558\">5. Cookies &amp; Technical Data<\/strong><\/h2>\n<p data-start=\"2559\" data-end=\"2665\">Our website uses cookies and similar technologies to ensure functionality and analyze website performance.<\/p>\n<p data-start=\"2667\" data-end=\"2775\">Detailed information on cookies, their purpose, and how to manage them is provided in our <a href=\"https:\/\/clover.com.tr\/tr\/cookie-policy-page\/\"><strong data-start=\"2757\" data-end=\"2774\">\u00c7erez Politikas\u0131<\/strong><\/a>.<\/p>\n<hr data-start=\"2777\" data-end=\"2780\" \/>\n<h2 data-start=\"2782\" data-end=\"2804\"><strong data-start=\"2785\" data-end=\"2804\">6. Data Sharing<\/strong><\/h2>\n<p data-start=\"2805\" data-end=\"2850\">We do not sell, rent, or trade personal data.<\/p>\n<p data-start=\"2852\" data-end=\"2890\">Personal data may be shared only with:<\/p>\n<ul data-start=\"2891\" data-end=\"2996\">\n<li data-start=\"2891\" data-end=\"2950\">\n<p data-start=\"2893\" data-end=\"2950\">Authorized service providers (e.g. hosting, IT support)<\/p>\n<\/li>\n<li data-start=\"2951\" data-end=\"2996\">\n<p data-start=\"2953\" data-end=\"2996\">Public authorities where legally required<\/p>\n<\/li>\n<\/ul>\n<p data-start=\"2998\" data-end=\"3092\">All third parties are required to maintain appropriate data protection and security standards.<\/p>\n<hr data-start=\"3094\" data-end=\"3097\" \/>\n<h2 data-start=\"3099\" data-end=\"3123\"><strong data-start=\"3102\" data-end=\"3123\">7. Data Retention<\/strong><\/h2>\n<p data-start=\"3124\" data-end=\"3267\">Personal data is retained only for as long as necessary to fulfill the purposes for which it was collected or to comply with legal obligations.<\/p>\n<hr data-start=\"3269\" data-end=\"3272\" \/>\n<h2 data-start=\"3274\" data-end=\"3297\"><strong data-start=\"3277\" data-end=\"3297\">8. Data Security<\/strong><\/h2>\n<p data-start=\"3298\" data-end=\"3443\">We implement appropriate technical and organizational measures to protect personal data against unauthorized access, loss, misuse, or alteration.<\/p>\n<hr data-start=\"3445\" data-end=\"3448\" \/>\n<h2 data-start=\"3450\" data-end=\"3487\"><strong data-start=\"3453\" data-end=\"3487\">9. Your Data Protection Rights<\/strong><\/h2>\n<p data-start=\"3488\" data-end=\"3549\">Under applicable data protection laws, you have the right to:<\/p>\n<ul data-start=\"3551\" data-end=\"3843\">\n<li data-start=\"3551\" data-end=\"3580\">\n<p data-start=\"3553\" data-end=\"3580\">Access your personal data<\/p>\n<\/li>\n<li data-start=\"3581\" data-end=\"3636\">\n<p data-start=\"3583\" data-end=\"3636\">Request correction of inaccurate or incomplete data<\/p>\n<\/li>\n<li data-start=\"3637\" data-end=\"3679\">\n<p data-start=\"3639\" data-end=\"3679\">Request deletion of your personal data<\/p>\n<\/li>\n<li data-start=\"3680\" data-end=\"3717\">\n<p data-start=\"3682\" data-end=\"3717\">Request restriction of processing<\/p>\n<\/li>\n<li data-start=\"3718\" data-end=\"3742\">\n<p data-start=\"3720\" data-end=\"3742\">Object to processing<\/p>\n<\/li>\n<li data-start=\"3743\" data-end=\"3771\">\n<p data-start=\"3745\" data-end=\"3771\">Request data portability<\/p>\n<\/li>\n<li data-start=\"3772\" data-end=\"3843\">\n<p data-start=\"3774\" data-end=\"3843\">Withdraw consent at any time (where processing is based on consent)<\/p>\n<\/li>\n<\/ul>\n<p data-start=\"3845\" data-end=\"3912\">Requests can be submitted using the contact details provided below.<\/p>\n<hr data-start=\"3914\" data-end=\"3917\" \/>\n<h2 data-start=\"3919\" data-end=\"3948\"><strong data-start=\"3922\" data-end=\"3948\">10. Children\u2019s Privacy<\/strong><\/h2>\n<p data-start=\"3949\" data-end=\"4071\">Our website is not intended for children under the age of 13, and we do not knowingly collect personal data from children.<\/p>\n<hr data-start=\"4073\" data-end=\"4076\" \/>\n<h2 data-start=\"4078\" data-end=\"4111\"><strong data-start=\"4081\" data-end=\"4111\">11. Changes to This Policy<\/strong><\/h2>\n<p data-start=\"4112\" data-end=\"4260\">We reserve the right to update this Privacy Policy when necessary. Any changes will be published on this page and become effective upon publication.<\/p>\n<hr data-start=\"4262\" data-end=\"4265\" \/>\n<h2 data-start=\"4267\" data-end=\"4285\"><strong data-start=\"4270\" data-end=\"4285\">12. Contact<\/strong><\/h2>\n<p data-start=\"4286\" data-end=\"4489\">For questions regarding this Privacy Policy or to exercise your data protection rights, please contact us via the <a href=\"https:\/\/clover.com.tr\/tr\/contact\/\"><strong data-start=\"4400\" data-end=\"4411\">Bize Ula\u015f\u0131n<\/strong> <\/a>page or the designated <a href=\"https:\/\/clover.com.tr\/tr\/contact-dpo-page\/\"><strong data-start=\"4435\" data-end=\"4468\">Data Protection Officer (DPO)<\/strong><\/a> contact information.<\/p>\n<p>&nbsp;<\/p>\n\n        <p class=\"form-row\">\n            <label class=\"checkbox\">\n                <input type=\"checkbox\" class=\"input-checkbox\" name=\"wordpress_gdpr_privacy_policy_accepted\"  id=\"accept-privacy-policy-checkbox\" required><span>I\u2019ve read and accept the privacy policy. <\/span><span class=\"required\">*<\/span>\n            <\/label><br>\n        <\/p>\n\n\t\t<\/div>\n\t<\/div>\n<\/div><\/div><\/div><\/div><div class=\"vc_row-full-width vc_clearfix\"><\/div><div data-vc-full-width=\"true\" data-vc-full-width-temp=\"true\" data-vc-full-width-init=\"false\" class=\"vc_row wpb_row vc_row-fluid mission-history-area vc_custom_1531366187529\"><div class=\"sec-title wpb_column vc_column_container vc_col-sm-6\"><div class=\"vc_column-inner\"><div class=\"wpb_wrapper\">\n\t<div class=\"wpb_text_column wpb_content_element\" >\n\t\t<div class=\"wpb_wrapper\">\n\t\t\t<h3>Amac\u0131m\u0131z<\/h3>\n<div class=\"line\"><\/div>\n\n\t\t<\/div>\n\t<\/div>\n\n\t<div class=\"wpb_text_column wpb_content_element misson-content\" >\n\t\t<div class=\"wpb_wrapper\">\n\t\t\t<p>Marka imaj\u0131m\u0131z\u0131 en \u00fcst seviyede devam ettirmek i\u00e7in, kaliteyi en \u00f6nde tutarak, en uygun fiyata en iyi hizmet vermek.<\/p>\n<p>M\u00fcmk\u00fcn olan en iyi m\u00fc\u015fteri hizmetini sa\u011flamak.<\/p>\n<p>Daha geni\u015f vizyona ula\u015fmak ve bu vizyonu s\u00fcrd\u00fcrmek i\u00e7in yeni ortakl\u0131klar kurmak.<\/p>\n\n\t\t<\/div>\n\t<\/div>\n<\/div><\/div><\/div><div class=\"sec-title wpb_column vc_column_container vc_col-sm-6\"><div class=\"vc_column-inner\"><div class=\"wpb_wrapper\">\n\t<div class=\"wpb_text_column wpb_content_element\" >\n\t\t<div class=\"wpb_wrapper\">\n\t\t\t<h3>Vizyonumuz<\/h3>\n<div class=\"line\"><\/div>\n\n\t\t<\/div>\n\t<\/div>\n\n\t<div class=\"wpb_text_column wpb_content_element\" >\n\t\t<div class=\"wpb_wrapper\">\n\t\t\t<p>\u00dcretim yaparken ve \u00e7\u00f6z\u00fcm \u00fcretirken en g\u00fcvenilir i\u015f orta\u011f\u0131 olmak.<\/p>\n\n\t\t<\/div>\n\t<\/div>\n\n\t<div class=\"wpb_text_column wpb_content_element\" >\n\t\t<div class=\"wpb_wrapper\">\n\t\t\t<h3>Our Purpose<\/h3>\n<div class=\"line\"><\/div>\n\n\t\t<\/div>\n\t<\/div>\n\n\t<div class=\"wpb_text_column wpb_content_element\" >\n\t\t<div class=\"wpb_wrapper\">\n\t\t\t<p><span style=\"color: #ffffff\">\u0130\u015f hayat\u0131na kalite ve s\u00fcrd\u00fcr\u00fclebilirlik kat\u0131yoruz.<\/span><\/p>\n\n\t\t<\/div>\n\t<\/div>\n<\/div><\/div><\/div><\/div><div class=\"vc_row-full-width vc_clearfix\"><\/div><div data-vc-full-width=\"true\" data-vc-full-width-temp=\"true\" data-vc-full-width-init=\"false\" class=\"vc_row wpb_row vc_row-fluid mission-history-area vc_custom_1531366187529\"><div class=\"sec-title wpb_column vc_column_container vc_col-sm-12\"><div class=\"vc_column-inner\"><div class=\"wpb_wrapper\">\n\t<div class=\"wpb_text_column wpb_content_element\" >\n\t\t<div class=\"wpb_wrapper\">\n\t\t\t<h3 style=\"text-align: center;\">De\u011ferlerimiz<\/h3>\n<div class=\"line\" style=\"text-align: center;\"><\/div>\n\n\t\t<\/div>\n\t<\/div>\n\n\t<div class=\"wpb_text_column wpb_content_element misson-content\" >\n\t\t<div class=\"wpb_wrapper\">\n\t\t\t<p style=\"text-align: center;\">Fairness<br \/>\n\u00d6zen<br \/>\nD\u00fcr\u00fcstl\u00fck<br \/>\n<span style=\"letter-spacing: 0.48px;\">D\u00fcr\u00fcstl\u00fck<\/span><br style=\"letter-spacing: 0.48px;\" \/><span style=\"letter-spacing: 0.48px;\">Sayg\u0131<\/span><br style=\"letter-spacing: 0.48px;\" \/><span style=\"letter-spacing: 0.48px;\">Sorumluluk<\/span><\/p>\n\n\t\t<\/div>\n\t<\/div>\n<\/div><\/div><\/div><\/div><div class=\"vc_row-full-width vc_clearfix\"><\/div><div data-vc-full-width=\"true\" data-vc-full-width-temp=\"true\" data-vc-full-width-init=\"false\" class=\"vc_row wpb_row vc_row-fluid fun-fact-area dark-v vc_custom_1532091802187\"><div class=\"wpb_column vc_column_container vc_col-sm-3\"><div class=\"vc_column-inner vc_custom_1531118161332\"><div class=\"wpb_wrapper\">\n\t<div class=\"wpb_text_column wpb_content_element\" >\n\t\t<div class=\"wpb_wrapper\">\n\t\t\t<h3 class=\"title\">Kurulu\u015f.<br \/>\n2001<\/h3>\n\n\t\t<\/div>\n\t<\/div>\n<\/div><\/div><\/div><div class=\"wpb_column vc_column_container vc_col-sm-3\"><div class=\"vc_column-inner vc_custom_1531117825631\"><div class=\"wpb_wrapper\"><div class=\"single-fun-fact\">\n\t<div class=\"line\"><\/div><!-- \/.line -->\n\t<span class=\"number\"><\/span>\n\t<span class=\"number counter\">23<\/span>\n\t<p>Year In Business<\/p>\n<\/div><\/div><\/div><\/div><div class=\"wpb_column vc_column_container vc_col-sm-3\"><div class=\"vc_column-inner vc_custom_1531117832989\"><div class=\"wpb_wrapper\"><div class=\"single-fun-fact\">\n\t<div class=\"line\"><\/div><!-- \/.line -->\n\t<span class=\"number\"><\/span>\n\t<span class=\"number counter\">100%<\/span>\n\t<p>m\u00fc\u015fteri memnuniyeti.<\/p>\n<\/div><\/div><\/div><\/div><div class=\"wpb_column vc_column_container vc_col-sm-3\"><div class=\"vc_column-inner vc_custom_1531117837291\"><div class=\"wpb_wrapper\"><div class=\"single-fun-fact\">\n\t<div class=\"line\"><\/div><!-- \/.line -->\n\t<span class=\"number\"><\/span>\n\t<span class=\"number counter\">7\/24<\/span>\n\t<p>G\u00f6revdeyiz.<\/p>\n<\/div><\/div><\/div><\/div><\/div><div class=\"vc_row-full-width vc_clearfix\"><\/div><div data-vc-full-width=\"true\" data-vc-full-width-temp=\"true\" data-vc-full-width-init=\"false\" class=\"vc_row wpb_row vc_row-fluid advisor-area home-page-two sec-pad vc_custom_1531366648532 vc_row-has-fill\"><div class=\"sec-title two wpb_column vc_column_container vc_col-sm-3\"><div class=\"vc_column-inner\"><div class=\"wpb_wrapper\"><\/div><\/div><\/div><div class=\"wpb_column vc_column_container vc_col-sm-3\"><div class=\"vc_column-inner\"><div class=\"wpb_wrapper\"><\/div><\/div><\/div><div class=\"wpb_column vc_column_container vc_col-sm-3\"><div class=\"vc_column-inner\"><div class=\"wpb_wrapper\"><\/div><\/div><\/div><div class=\"wpb_column vc_column_container vc_col-sm-3\"><div class=\"vc_column-inner\"><div class=\"wpb_wrapper\"><\/div><\/div><\/div><\/div><div class=\"vc_row-full-width vc_clearfix\"><\/div><div data-vc-full-width=\"true\" data-vc-full-width-temp=\"true\" data-vc-full-width-init=\"false\" data-vc-stretch-content=\"true\" class=\"vc_row wpb_row vc_row-fluid vc_row-no-padding\"><div class=\"wpb_column vc_column_container vc_col-sm-12\"><div class=\"vc_column-inner vc_custom_1532089334274\"><div class=\"wpb_wrapper\">\t\t<div class=\"tt-post-wrapper\">\n\t\t\n<section class=\"testimonial-style-one\">\n    <div class=\"thm-container\">\n        <div class=\"testimonial-carousel-one owl-carousel owl-theme\">\n\t\t\t\t\t\n            <div class=\"item\">\n                <div class=\"single-testimonial\">\n                    <div class=\"inner-content\">\n                        <div class=\"img-box\">\n                            <div class=\"inner\">\n                                <img loading=\"lazy\" decoding=\"async\" width=\"80\" height=\"80\" src=\"https:\/\/clover.com.tr\/wp-content\/uploads\/2018\/01\/testi-1-1.png\" class=\"attachment-80x80 size-80x80 wp-post-image\" alt=\"\" \/>                                <span class=\"qoute-mark\">\u201c<\/span>\n                            <\/div><!-- \/.inner -->\n                        <\/div><!-- \/.img-box -->\n                        <div class=\"text-box\">\n                            <p>Nam libero tempore, cum soluta nobis est eligendi optio cumque nihil impedit quo minus id quod maxime placeat facere possimus, omnis voluptas assumenda est, omnis dolor repellendus. Temporibus autem quibusdam et aut officiis debitis.<\/p>\n                            <span class=\"name\">- Michale John<\/span>\n                            <span class=\"position\">Quality Assurance Manager<\/span>\n                        <\/div><!-- \/.text-box -->\n                    <\/div><!-- \/.inner-content -->\n                <\/div><!-- \/.single-testimonial -->\n            <\/div><!-- \/.item -->\n\t\t\t\t\t\t\t\n            <div class=\"item\">\n                <div class=\"single-testimonial\">\n                    <div class=\"inner-content\">\n                        <div class=\"img-box\">\n                            <div class=\"inner\">\n                                <img loading=\"lazy\" decoding=\"async\" width=\"80\" height=\"80\" src=\"https:\/\/clover.com.tr\/wp-content\/uploads\/2018\/01\/testi-1-1.png\" class=\"attachment-80x80 size-80x80 wp-post-image\" alt=\"\" \/>                                <span class=\"qoute-mark\">\u201c<\/span>\n                            <\/div><!-- \/.inner -->\n                        <\/div><!-- \/.img-box -->\n                        <div class=\"text-box\">\n                            <p>Nam libero tempore, cum soluta nobis est eligendi optio cumque nihil impedit quo minus id quod maxime placeat facere possimus, omnis voluptas assumenda est, omnis dolor repellendus. Temporibus autem quibusdam et aut officiis debitis.<\/p>\n                            <span class=\"name\">- Michale John 2<\/span>\n                            <span class=\"position\"><\/span>\n                        <\/div><!-- \/.text-box -->\n                    <\/div><!-- \/.inner-content -->\n                <\/div><!-- \/.single-testimonial -->\n            <\/div><!-- \/.item -->\n\t\t\t\t\t\t\t\n            <div class=\"item\">\n                <div class=\"single-testimonial\">\n                    <div class=\"inner-content\">\n                        <div class=\"img-box\">\n                            <div class=\"inner\">\n                                <img loading=\"lazy\" decoding=\"async\" width=\"80\" height=\"80\" src=\"https:\/\/clover.com.tr\/wp-content\/uploads\/2018\/01\/testi-1-1.png\" class=\"attachment-80x80 size-80x80 wp-post-image\" alt=\"\" \/>                                <span class=\"qoute-mark\">\u201c<\/span>\n                            <\/div><!-- \/.inner -->\n                        <\/div><!-- \/.img-box -->\n                        <div class=\"text-box\">\n                            <p>Nam libero tempore, cum soluta nobis est eligendi optio cumque nihil impedit quo minus id quod maxime placeat facere possimus, omnis voluptas assumenda est, omnis dolor repellendus. Temporibus autem quibusdam et aut officiis debitis.<\/p>\n                            <span class=\"name\">- Michale John<\/span>\n                            <span class=\"position\">Quality Assurance Manager<\/span>\n                        <\/div><!-- \/.text-box -->\n                    <\/div><!-- \/.inner-content -->\n                <\/div><!-- \/.single-testimonial -->\n            <\/div><!-- \/.item -->\n\t\t\t        <\/div><!-- \/.testimonial-carousel-one owl-carousel owl-theme -->\n\n    <\/div><!-- \/.thm-container -->\n<\/section><!-- \/.testimonial-style-one -->\t\t<\/div>\n\t\t<\/div><\/div><\/div><\/div><div class=\"vc_row-full-width vc_clearfix\"><\/div>\n<\/div>","protected":false},"excerpt":{"rendered":"Nam libero tempore, cum soluta nobis est eligendi optio cumque nihil impedit quo minus id quod maxime placeat facere possimus, omnis voluptas assumenda est, omnis dolor repellendus. Temporibus autem quibusdam et aut officiis debitis.","protected":false},"author":1,"featured_media":0,"parent":0,"menu_order":0,"comment_status":"closed","ping_status":"closed","template":"","meta":{"footnotes":""},"class_list":["post-3272","page","type-page","status-publish","hentry"],"_links":{"self":[{"href":"https:\/\/clover.com.tr\/tr\/wp-json\/wp\/v2\/pages\/3272","targetHints":{"allow":["GET"]}}],"collection":[{"href":"https:\/\/clover.com.tr\/tr\/wp-json\/wp\/v2\/pages"}],"about":[{"href":"https:\/\/clover.com.tr\/tr\/wp-json\/wp\/v2\/types\/page"}],"author":[{"embeddable":true,"href":"https:\/\/clover.com.tr\/tr\/wp-json\/wp\/v2\/users\/1"}],"replies":[{"embeddable":true,"href":"https:\/\/clover.com.tr\/tr\/wp-json\/wp\/v2\/comments?post=3272"}],"version-history":[{"count":8,"href":"https:\/\/clover.com.tr\/tr\/wp-json\/wp\/v2\/pages\/3272\/revisions"}],"predecessor-version":[{"id":4517,"href":"https:\/\/clover.com.tr\/tr\/wp-json\/wp\/v2\/pages\/3272\/revisions\/4517"}],"wp:attachment":[{"href":"https:\/\/clover.com.tr\/tr\/wp-json\/wp\/v2\/media?parent=3272"}],"curies":[{"name":"wp","href":"https:\/\/api.w.org\/{rel}","templated":true}]}}