{"id":3278,"date":"2020-12-28T18:35:37","date_gmt":"2020-12-28T18:35:37","guid":{"rendered":"https:\/\/clover.com.tr\/about-2\/"},"modified":"2025-12-29T23:29:31","modified_gmt":"2025-12-29T23:29:31","slug":"terms-conditions-page","status":"publish","type":"page","link":"https:\/\/clover.com.tr\/tr\/terms-conditions-page\/","title":{"rendered":"Terms &#038; Conditions Page"},"content":{"rendered":"<div class=\"wpb-content-wrapper\"><div data-vc-full-width=\"true\" data-vc-full-width-temp=\"true\" data-vc-full-width-init=\"false\" class=\"vc_row wpb_row vc_row-fluid about-section about-page vc_custom_1531366134122\"><div class=\"wpb_column vc_column_container vc_col-sm-12\"><div class=\"vc_column-inner\"><div class=\"wpb_wrapper\">\n<div class=\"sec-title\">\n\t<div class=\"tag-line\">2001 y\u0131l\u0131ndan bu yana k\u00fcresel \u00e7\u00f6z\u00fcm orta\u011f\u0131n\u0131z<\/div><!-- \/.tag-line -->\n\t<h2><\/p>\n<h2><span style=\"color: #339966\">clover<\/span><span style=\"color: #ff0000\">\u00ae<\/span>\u00a0Sanayi ve Ticaret A.\u015e.<\/h2>\n<p><\/h2>\n<\/div>\n\n\t<div class=\"wpb_text_column wpb_content_element\" >\n\t\t<div class=\"wpb_wrapper\">\n\t\t\t<p data-start=\"597\" data-end=\"737\">Welcome to <span style=\"color: #339966;\">clover<\/span><strong data-start=\"608\" data-end=\"642\"><span style=\"color: #ff0000;\">\u00ae<\/span> Sanayi ve Ticaret A.\u015e.<\/strong><\/p>\n<p data-start=\"597\" data-end=\"737\">These Terms &amp; Conditions govern your access to and use of the website <strong data-start=\"715\" data-end=\"736\"><a class=\"decorated-link\" href=\"https:\/\/clover.com.tr\/tr\/\" target=\"_new\" rel=\"noopener\" data-start=\"717\" data-end=\"734\">www.clover.com.tr<\/a><\/strong>.<\/p>\n<p data-start=\"739\" data-end=\"878\">By accessing or using this website, you agree to be bound by these Terms &amp; Conditions. If you do not agree, please do not use this website.<\/p>\n<hr data-start=\"880\" data-end=\"883\" \/>\n<h2 data-start=\"885\" data-end=\"906\"><strong data-start=\"888\" data-end=\"906\">1. Website Use<\/strong><\/h2>\n<p data-start=\"907\" data-end=\"1107\">The content of this website is provided for general informational purposes only. clover\u00ae reserves the right to modify, suspend, or discontinue any part of the website at any time without prior notice.<\/p>\n<p data-start=\"1109\" data-end=\"1261\">You agree to use this website in a lawful manner and not to engage in any activity that may harm, disrupt, or interfere with the website or its content.<\/p>\n<hr data-start=\"1263\" data-end=\"1266\" \/>\n<h2 data-start=\"1268\" data-end=\"1299\"><strong data-start=\"1271\" data-end=\"1299\">2. Intellectual Property<\/strong><\/h2>\n<p data-start=\"1300\" data-end=\"1500\">Unless otherwise stated, all content on this website, including text, images, graphics, logos, and design elements, is the intellectual property of <span style=\"color: #339966;\">clover<\/span><strong data-start=\"608\" data-end=\"642\"><span style=\"color: #ff0000;\">\u00ae<\/span><\/strong><strong data-start=\"1448\" data-end=\"1482\">\u00a0Sanayi ve Ticaret A.\u015e.<\/strong> or its licensors.<\/p>\n<p data-start=\"1502\" data-end=\"1710\">You may view and use the content for personal and non-commercial purposes only.<br data-start=\"1581\" data-end=\"1584\" \/>You must not copy, reproduce, distribute, modify, or use any content for commercial purposes without prior written permission.<\/p>\n<hr data-start=\"1712\" data-end=\"1715\" \/>\n<h2 data-start=\"1717\" data-end=\"1750\"><strong data-start=\"1720\" data-end=\"1750\">3. Accuracy of Information<\/strong><\/h2>\n<p data-start=\"1751\" data-end=\"1947\">While we strive to keep the information on this website accurate and up to date, <span style=\"color: #339966;\">clover<\/span><strong data-start=\"608\" data-end=\"642\"><span style=\"color: #ff0000;\">\u00ae<\/span><\/strong> makes no representations or warranties regarding the completeness, accuracy, or reliability of the content.<\/p>\n<p data-start=\"1949\" data-end=\"2012\">The use of any information on this website is at your own risk.<\/p>\n<hr data-start=\"2014\" data-end=\"2017\" \/>\n<h2 data-start=\"2019\" data-end=\"2046\"><strong data-start=\"2022\" data-end=\"2046\">4. Third-Party Links<\/strong><\/h2>\n<p data-start=\"2047\" data-end=\"2255\">This website may contain links to third-party websites for convenience or informational purposes. <span style=\"color: #339966;\">clover<\/span><strong data-start=\"608\" data-end=\"642\"><span style=\"color: #ff0000;\">\u00ae<\/span><\/strong> has no control over the content or practices of these websites and accepts no responsibility for them.<\/p>\n<p data-start=\"2257\" data-end=\"2314\">Accessing third-party websites is at your own discretion.<\/p>\n<hr data-start=\"2316\" data-end=\"2319\" \/>\n<h2 data-start=\"2321\" data-end=\"2354\"><strong data-start=\"2324\" data-end=\"2354\">5. Limitation of Liability<\/strong><\/h2>\n<p data-start=\"2355\" data-end=\"2571\">To the fullest extent permitted by applicable law, <span style=\"color: #339966;\">clover<\/span><strong data-start=\"608\" data-end=\"642\"><span style=\"color: #ff0000;\">\u00ae<\/span><\/strong> shall not be liable for any direct, indirect, incidental, or consequential damages arising from the use of, or inability to use, this website or its content.<\/p>\n<p data-start=\"2573\" data-end=\"2672\">Nothing in these Terms &amp; Conditions limits liability where such limitation is not permitted by law.<\/p>\n<hr data-start=\"2674\" data-end=\"2677\" \/>\n<h2 data-start=\"2679\" data-end=\"2706\"><strong data-start=\"2682\" data-end=\"2706\">6. Privacy &amp; Cookies<\/strong><\/h2>\n<p data-start=\"2707\" data-end=\"2868\">The use of this website is also governed by our <strong data-start=\"2755\" data-end=\"2773\">Gizlilik Politikas\u0131<\/strong> and <strong data-start=\"2778\" data-end=\"2795\">\u00c7erez Politikas\u0131<\/strong>, which explain how personal data is collected, processed, and protected.<\/p>\n<hr data-start=\"2870\" data-end=\"2873\" \/>\n<h2 data-start=\"2875\" data-end=\"2907\"><strong data-start=\"2878\" data-end=\"2907\">7. Changes to These Terms<\/strong><\/h2>\n<p data-start=\"2908\" data-end=\"3129\"><span style=\"color: #339966;\">clover<\/span><strong data-start=\"608\" data-end=\"642\"><span style=\"color: #ff0000;\">\u00ae<\/span><\/strong> reserves the right to update or amend these Terms &amp; Conditions at any time. Changes will become effective upon publication on this website. Continued use of the website constitutes acceptance of the updated terms.<\/p>\n<hr data-start=\"3131\" data-end=\"3134\" \/>\n<h2 data-start=\"3136\" data-end=\"3159\"><strong data-start=\"3139\" data-end=\"3159\">8. Governing Law<\/strong><\/h2>\n<p data-start=\"3160\" data-end=\"3320\">These Terms &amp; Conditions are governed by and construed in accordance with the laws of the <strong data-start=\"3250\" data-end=\"3273\">Republic of T\u00fcrkiye<\/strong>, without regard to conflict of law principles.<\/p>\n<hr data-start=\"3322\" data-end=\"3325\" \/>\n<h2 data-start=\"3327\" data-end=\"3344\"><strong data-start=\"3330\" data-end=\"3344\">9. Contact<\/strong><\/h2>\n<p data-start=\"3345\" data-end=\"3466\">For questions regarding these Terms &amp; Conditions, please contact us via the information provided on the <a href=\"https:\/\/clover.com.tr\/tr\/contact\/\"><strong data-start=\"3449\" data-end=\"3460\">Bize Ula\u015f\u0131n<\/strong> <\/a>page.<\/p>\n<p>&nbsp;<\/p>\n\n        <p class=\"form-row\">\n            <label class=\"checkbox\">\n                <input type=\"checkbox\" class=\"input-checkbox\" name=\"wordpress_gdpr_terms_conditions_accepted\"  id=\"accept-terms-conditions-checkbox\" required><span>I\u2019ve read and accept the Terms & Conditions. <\/span><span class=\"required\">*<\/span>\n            <\/label><br>\n        <\/p>\n\n\t\t<\/div>\n\t<\/div>\n<\/div><\/div><\/div><\/div><div class=\"vc_row-full-width vc_clearfix\"><\/div><div data-vc-full-width=\"true\" data-vc-full-width-temp=\"true\" data-vc-full-width-init=\"false\" class=\"vc_row wpb_row vc_row-fluid mission-history-area vc_custom_1531366187529\"><div class=\"sec-title wpb_column vc_column_container vc_col-sm-6\"><div class=\"vc_column-inner\"><div class=\"wpb_wrapper\">\n\t<div class=\"wpb_text_column wpb_content_element\" >\n\t\t<div class=\"wpb_wrapper\">\n\t\t\t<h3>Amac\u0131m\u0131z<\/h3>\n<div class=\"line\"><\/div>\n\n\t\t<\/div>\n\t<\/div>\n\n\t<div class=\"wpb_text_column wpb_content_element misson-content\" >\n\t\t<div class=\"wpb_wrapper\">\n\t\t\t<p>Marka imaj\u0131m\u0131z\u0131 en \u00fcst seviyede devam ettirmek i\u00e7in, kaliteyi en \u00f6nde tutarak, en uygun fiyata en iyi hizmet vermek.<\/p>\n<p>M\u00fcmk\u00fcn olan en iyi m\u00fc\u015fteri hizmetini sa\u011flamak.<\/p>\n<p>Daha geni\u015f vizyona ula\u015fmak ve bu vizyonu s\u00fcrd\u00fcrmek i\u00e7in yeni ortakl\u0131klar kurmak.<\/p>\n\n\t\t<\/div>\n\t<\/div>\n<\/div><\/div><\/div><div class=\"sec-title wpb_column vc_column_container vc_col-sm-6\"><div class=\"vc_column-inner\"><div class=\"wpb_wrapper\">\n\t<div class=\"wpb_text_column wpb_content_element\" >\n\t\t<div class=\"wpb_wrapper\">\n\t\t\t<h3>Vizyonumuz<\/h3>\n<div class=\"line\"><\/div>\n\n\t\t<\/div>\n\t<\/div>\n\n\t<div class=\"wpb_text_column wpb_content_element\" >\n\t\t<div class=\"wpb_wrapper\">\n\t\t\t<p>\u00dcretim yaparken ve \u00e7\u00f6z\u00fcm \u00fcretirken en g\u00fcvenilir i\u015f orta\u011f\u0131 olmak.<\/p>\n\n\t\t<\/div>\n\t<\/div>\n\n\t<div class=\"wpb_text_column wpb_content_element\" >\n\t\t<div class=\"wpb_wrapper\">\n\t\t\t<h3>Our Purpose<\/h3>\n<div class=\"line\"><\/div>\n\n\t\t<\/div>\n\t<\/div>\n\n\t<div class=\"wpb_text_column wpb_content_element\" >\n\t\t<div class=\"wpb_wrapper\">\n\t\t\t<p><span style=\"color: #ffffff\">\u0130\u015f hayat\u0131na kalite ve s\u00fcrd\u00fcr\u00fclebilirlik kat\u0131yoruz.<\/span><\/p>\n\n\t\t<\/div>\n\t<\/div>\n<\/div><\/div><\/div><\/div><div class=\"vc_row-full-width vc_clearfix\"><\/div><div data-vc-full-width=\"true\" data-vc-full-width-temp=\"true\" data-vc-full-width-init=\"false\" class=\"vc_row wpb_row vc_row-fluid mission-history-area vc_custom_1531366187529\"><div class=\"sec-title wpb_column vc_column_container vc_col-sm-12\"><div class=\"vc_column-inner\"><div class=\"wpb_wrapper\">\n\t<div class=\"wpb_text_column wpb_content_element\" >\n\t\t<div class=\"wpb_wrapper\">\n\t\t\t<h3 style=\"text-align: center;\">De\u011ferlerimiz<\/h3>\n<div class=\"line\" style=\"text-align: center;\"><\/div>\n\n\t\t<\/div>\n\t<\/div>\n\n\t<div class=\"wpb_text_column wpb_content_element misson-content\" >\n\t\t<div class=\"wpb_wrapper\">\n\t\t\t<p style=\"text-align: center;\">Fairness<br \/>\n\u00d6zen<br \/>\nD\u00fcr\u00fcstl\u00fck<br \/>\n<span style=\"letter-spacing: 0.48px;\">D\u00fcr\u00fcstl\u00fck<\/span><br style=\"letter-spacing: 0.48px;\" \/><span style=\"letter-spacing: 0.48px;\">Sayg\u0131<\/span><br style=\"letter-spacing: 0.48px;\" \/><span style=\"letter-spacing: 0.48px;\">Sorumluluk<\/span><\/p>\n\n\t\t<\/div>\n\t<\/div>\n<\/div><\/div><\/div><\/div><div class=\"vc_row-full-width vc_clearfix\"><\/div><div data-vc-full-width=\"true\" data-vc-full-width-temp=\"true\" data-vc-full-width-init=\"false\" class=\"vc_row wpb_row vc_row-fluid fun-fact-area dark-v vc_custom_1532091802187\"><div class=\"wpb_column vc_column_container vc_col-sm-3\"><div class=\"vc_column-inner vc_custom_1531118161332\"><div class=\"wpb_wrapper\">\n\t<div class=\"wpb_text_column wpb_content_element\" >\n\t\t<div class=\"wpb_wrapper\">\n\t\t\t<h3 class=\"title\">Kurulu\u015f.<br \/>\n2001<\/h3>\n\n\t\t<\/div>\n\t<\/div>\n<\/div><\/div><\/div><div class=\"wpb_column vc_column_container vc_col-sm-3\"><div class=\"vc_column-inner vc_custom_1531117825631\"><div class=\"wpb_wrapper\"><div class=\"single-fun-fact\">\n\t<div class=\"line\"><\/div><!-- \/.line -->\n\t<span class=\"number\"><\/span>\n\t<span class=\"number counter\">23<\/span>\n\t<p>Year In Business<\/p>\n<\/div><\/div><\/div><\/div><div class=\"wpb_column vc_column_container vc_col-sm-3\"><div class=\"vc_column-inner vc_custom_1531117832989\"><div class=\"wpb_wrapper\"><div class=\"single-fun-fact\">\n\t<div class=\"line\"><\/div><!-- \/.line -->\n\t<span class=\"number\"><\/span>\n\t<span class=\"number counter\">100%<\/span>\n\t<p>m\u00fc\u015fteri memnuniyeti.<\/p>\n<\/div><\/div><\/div><\/div><div class=\"wpb_column vc_column_container vc_col-sm-3\"><div class=\"vc_column-inner vc_custom_1531117837291\"><div class=\"wpb_wrapper\"><div class=\"single-fun-fact\">\n\t<div class=\"line\"><\/div><!-- \/.line -->\n\t<span class=\"number\"><\/span>\n\t<span class=\"number counter\">7\/24<\/span>\n\t<p>G\u00f6revdeyiz.<\/p>\n<\/div><\/div><\/div><\/div><\/div><div class=\"vc_row-full-width vc_clearfix\"><\/div><div data-vc-full-width=\"true\" data-vc-full-width-temp=\"true\" data-vc-full-width-init=\"false\" class=\"vc_row wpb_row vc_row-fluid advisor-area home-page-two sec-pad vc_custom_1531366648532 vc_row-has-fill\"><div class=\"sec-title two wpb_column vc_column_container vc_col-sm-3\"><div class=\"vc_column-inner\"><div class=\"wpb_wrapper\"><\/div><\/div><\/div><div class=\"wpb_column vc_column_container vc_col-sm-3\"><div class=\"vc_column-inner\"><div class=\"wpb_wrapper\"><\/div><\/div><\/div><div class=\"wpb_column vc_column_container vc_col-sm-3\"><div class=\"vc_column-inner\"><div class=\"wpb_wrapper\"><\/div><\/div><\/div><div class=\"wpb_column vc_column_container vc_col-sm-3\"><div class=\"vc_column-inner\"><div class=\"wpb_wrapper\"><\/div><\/div><\/div><\/div><div class=\"vc_row-full-width vc_clearfix\"><\/div><div data-vc-full-width=\"true\" data-vc-full-width-temp=\"true\" data-vc-full-width-init=\"false\" data-vc-stretch-content=\"true\" class=\"vc_row wpb_row vc_row-fluid vc_row-no-padding\"><div class=\"wpb_column vc_column_container vc_col-sm-12\"><div class=\"vc_column-inner vc_custom_1532089334274\"><div class=\"wpb_wrapper\">\t\t<div class=\"tt-post-wrapper\">\n\t\t\n<section class=\"testimonial-style-one\">\n    <div class=\"thm-container\">\n        <div class=\"testimonial-carousel-one owl-carousel owl-theme\">\n\t\t\t\t\t\n            <div class=\"item\">\n                <div class=\"single-testimonial\">\n                    <div class=\"inner-content\">\n                        <div class=\"img-box\">\n                            <div class=\"inner\">\n                                <img loading=\"lazy\" decoding=\"async\" width=\"80\" height=\"80\" src=\"https:\/\/clover.com.tr\/wp-content\/uploads\/2018\/01\/testi-1-1.png\" class=\"attachment-80x80 size-80x80 wp-post-image\" alt=\"\" \/>                                <span class=\"qoute-mark\">\u201c<\/span>\n                            <\/div><!-- \/.inner -->\n                        <\/div><!-- \/.img-box -->\n                        <div class=\"text-box\">\n                            <p>Nam libero tempore, cum soluta nobis est eligendi optio cumque nihil impedit quo minus id quod maxime placeat facere possimus, omnis voluptas assumenda est, omnis dolor repellendus. Temporibus autem quibusdam et aut officiis debitis.<\/p>\n                            <span class=\"name\">- Michale John<\/span>\n                            <span class=\"position\">Quality Assurance Manager<\/span>\n                        <\/div><!-- \/.text-box -->\n                    <\/div><!-- \/.inner-content -->\n                <\/div><!-- \/.single-testimonial -->\n            <\/div><!-- \/.item -->\n\t\t\t\t\t\t\t\n            <div class=\"item\">\n                <div class=\"single-testimonial\">\n                    <div class=\"inner-content\">\n                        <div class=\"img-box\">\n                            <div class=\"inner\">\n                                <img loading=\"lazy\" decoding=\"async\" width=\"80\" height=\"80\" src=\"https:\/\/clover.com.tr\/wp-content\/uploads\/2018\/01\/testi-1-1.png\" class=\"attachment-80x80 size-80x80 wp-post-image\" alt=\"\" \/>                                <span class=\"qoute-mark\">\u201c<\/span>\n                            <\/div><!-- \/.inner -->\n                        <\/div><!-- \/.img-box -->\n                        <div class=\"text-box\">\n                            <p>Nam libero tempore, cum soluta nobis est eligendi optio cumque nihil impedit quo minus id quod maxime placeat facere possimus, omnis voluptas assumenda est, omnis dolor repellendus. Temporibus autem quibusdam et aut officiis debitis.<\/p>\n                            <span class=\"name\">- Michale John 2<\/span>\n                            <span class=\"position\"><\/span>\n                        <\/div><!-- \/.text-box -->\n                    <\/div><!-- \/.inner-content -->\n                <\/div><!-- \/.single-testimonial -->\n            <\/div><!-- \/.item -->\n\t\t\t\t\t\t\t\n            <div class=\"item\">\n                <div class=\"single-testimonial\">\n                    <div class=\"inner-content\">\n                        <div class=\"img-box\">\n                            <div class=\"inner\">\n                                <img loading=\"lazy\" decoding=\"async\" width=\"80\" height=\"80\" src=\"https:\/\/clover.com.tr\/wp-content\/uploads\/2018\/01\/testi-1-1.png\" class=\"attachment-80x80 size-80x80 wp-post-image\" alt=\"\" \/>                                <span class=\"qoute-mark\">\u201c<\/span>\n                            <\/div><!-- \/.inner -->\n                        <\/div><!-- \/.img-box -->\n                        <div class=\"text-box\">\n                            <p>Nam libero tempore, cum soluta nobis est eligendi optio cumque nihil impedit quo minus id quod maxime placeat facere possimus, omnis voluptas assumenda est, omnis dolor repellendus. Temporibus autem quibusdam et aut officiis debitis.<\/p>\n                            <span class=\"name\">- Michale John<\/span>\n                            <span class=\"position\">Quality Assurance Manager<\/span>\n                        <\/div><!-- \/.text-box -->\n                    <\/div><!-- \/.inner-content -->\n                <\/div><!-- \/.single-testimonial -->\n            <\/div><!-- \/.item -->\n\t\t\t        <\/div><!-- \/.testimonial-carousel-one owl-carousel owl-theme -->\n\n    <\/div><!-- \/.thm-container -->\n<\/section><!-- \/.testimonial-style-one -->\t\t<\/div>\n\t\t<\/div><\/div><\/div><\/div><div class=\"vc_row-full-width vc_clearfix\"><\/div>\n<\/div>","protected":false},"excerpt":{"rendered":"Nam libero tempore, cum soluta nobis est eligendi optio cumque nihil impedit quo minus id quod maxime placeat facere possimus, omnis voluptas assumenda est, omnis dolor repellendus. Temporibus autem quibusdam et aut officiis debitis.","protected":false},"author":1,"featured_media":0,"parent":0,"menu_order":0,"comment_status":"closed","ping_status":"closed","template":"","meta":{"footnotes":""},"class_list":["post-3278","page","type-page","status-publish","hentry"],"_links":{"self":[{"href":"https:\/\/clover.com.tr\/tr\/wp-json\/wp\/v2\/pages\/3278","targetHints":{"allow":["GET"]}}],"collection":[{"href":"https:\/\/clover.com.tr\/tr\/wp-json\/wp\/v2\/pages"}],"about":[{"href":"https:\/\/clover.com.tr\/tr\/wp-json\/wp\/v2\/types\/page"}],"author":[{"embeddable":true,"href":"https:\/\/clover.com.tr\/tr\/wp-json\/wp\/v2\/users\/1"}],"replies":[{"embeddable":true,"href":"https:\/\/clover.com.tr\/tr\/wp-json\/wp\/v2\/comments?post=3278"}],"version-history":[{"count":8,"href":"https:\/\/clover.com.tr\/tr\/wp-json\/wp\/v2\/pages\/3278\/revisions"}],"predecessor-version":[{"id":4516,"href":"https:\/\/clover.com.tr\/tr\/wp-json\/wp\/v2\/pages\/3278\/revisions\/4516"}],"wp:attachment":[{"href":"https:\/\/clover.com.tr\/tr\/wp-json\/wp\/v2\/media?parent=3278"}],"curies":[{"name":"wp","href":"https:\/\/api.w.org\/{rel}","templated":true}]}}