{"id":3968,"date":"2021-01-02T17:39:33","date_gmt":"2021-01-02T17:39:33","guid":{"rendered":"https:\/\/clover.com.tr\/about-2\/"},"modified":"2026-01-29T22:49:55","modified_gmt":"2026-01-29T22:49:55","slug":"values-promise","status":"publish","type":"page","link":"https:\/\/clover.com.tr\/tr\/values-promise\/","title":{"rendered":"De\u011ferlerimiz ve S\u00f6z\u00fcm\u00fcz"},"content":{"rendered":"<div class=\"wpb-content-wrapper\"><div data-vc-full-width=\"true\" data-vc-full-width-temp=\"true\" data-vc-full-width-init=\"false\" class=\"vc_row wpb_row vc_row-fluid about-section about-page vc_custom_1531366134122\"><div class=\"wpb_column vc_column_container vc_col-sm-12\"><div class=\"vc_column-inner\"><div class=\"wpb_wrapper\">\n<div class=\"sec-title\">\n\t<div class=\"tag-line\">2001 y\u0131l\u0131ndan bu yana k\u00fcresel \u00e7\u00f6z\u00fcm orta\u011f\u0131n\u0131z<\/div><!-- \/.tag-line -->\n\t<h2><\/p>\n<h2><span style=\"color: #339966\">clover<\/span><span style=\"color: #ff0000\">\u00ae<\/span>\u00a0Sanayi ve Ticaret A.\u015e.<\/h2>\n<p><\/h2>\n<\/div>\n<div class=\"vc_empty_space\"   style=\"height: 30px\"><span class=\"vc_empty_space_inner\"><\/span><\/div><\/div><\/div><\/div><\/div><div class=\"vc_row-full-width vc_clearfix\"><\/div><div data-vc-full-width=\"true\" data-vc-full-width-temp=\"true\" data-vc-full-width-init=\"false\" class=\"vc_row wpb_row vc_row-fluid mission-history-area vc_custom_1531366187529\"><div class=\"sec-title wpb_column vc_column_container vc_col-sm-6\"><div class=\"vc_column-inner\"><div class=\"wpb_wrapper\">\n\t<div class=\"wpb_text_column wpb_content_element\" >\n\t\t<div class=\"wpb_wrapper\">\n\t\t\t<h3>De\u011ferlerimiz<\/h3>\n<div class=\"line\"><\/div>\n\n\t\t<\/div>\n\t<\/div>\n\n\t<div class=\"wpb_text_column wpb_content_element misson-content\" >\n\t\t<div class=\"wpb_wrapper\">\n\t\t\t<h2 data-start=\"315\" data-end=\"332\"><strong data-start=\"318\" data-end=\"332\">De\u011ferlerimiz<\/strong><\/h2>\n<p data-start=\"334\" data-end=\"544\" class=\"translation-block\"><span style=\"color: #339966\">clove<\/span><span style=\"color: #339966\">r<\/span><span style=\"color: #ff0000\">\u00ae<\/span> b\u00fcnyesinde de\u011ferlerimiz; t\u00fcm i\u015f faaliyetlerimizde nas\u0131l d\u00fc\u015f\u00fcnd\u00fc\u011f\u00fcm\u00fcz\u00fc, karar verdi\u011fimizi ve hareket etti\u011fimizi tan\u0131mlar. Bu ilkeler; \u00e7al\u0131\u015fanlar\u0131m\u0131z, ortaklar\u0131m\u0131z, m\u00fc\u015fterilerimiz ve i\u00e7inde bulundu\u011fumuz toplumla olan ili\u015fkilerimize rehberlik eder.<\/p>\n<h3 data-start=\"546\" data-end=\"563\"><strong data-start=\"550\" data-end=\"563\"><br \/>\nD\u00fcr\u00fcstl\u00fck<\/strong><\/h3>\n<p data-start=\"564\" data-end=\"762\">\u0130\u015flerimizi d\u00fcr\u00fcstl\u00fck, \u015feffafl\u0131k ve etik sorumlulukla y\u00fcr\u00fct\u00fcyoruz. Kanunlara, y\u00f6netmeliklere ve uluslararas\u0131 standartlara uyum, her operasyonumuzun ve ald\u0131\u011f\u0131m\u0131z her karar\u0131n temelidir.<\/p>\n<h3 data-start=\"764\" data-end=\"786\"><strong data-start=\"768\" data-end=\"786\"><br \/>\nSorumluluk<\/strong><\/h3>\n<p data-start=\"787\" data-end=\"1008\">Faaliyetlerimizin insanlar, toplum ve \u00e7evre \u00fczerindeki etkilerinin sorumlulu\u011funu al\u0131yoruz. S\u00fcrd\u00fcr\u00fclebilir \u00fcretim, i\u015f sa\u011fl\u0131\u011f\u0131 ve g\u00fcvenli\u011fi ile sorumlu kaynak y\u00f6netimi, operasyonel k\u00fclt\u00fcr\u00fcm\u00fcz\u00fcn ayr\u0131lmaz par\u00e7alar\u0131d\u0131r.<\/p>\n<h3 data-start=\"1010\" data-end=\"1028\"><strong data-start=\"1014\" data-end=\"1028\"><br \/>\nM\u00fckemmeliyet<\/strong><\/h3>\n<p data-start=\"1029\" data-end=\"1225\">Disiplinli uygulama, s\u00fcrekli iyile\u015ftirme ve teknik uzmanl\u0131k yoluyla operasyonel m\u00fckemmellik i\u00e7in \u00e7abal\u0131yoruz. Kalite ve verimlilik; planlamadan teslimata kadar t\u00fcm s\u00fcre\u00e7lerimize dahil edilmi\u015ftir.<\/p>\n<h3 data-start=\"1227\" data-end=\"1248\"><strong data-start=\"1231\" data-end=\"1248\"><br \/>\n\u0130\u015f Birli\u011fi<\/strong><\/h3>\n<p data-start=\"1249\" data-end=\"1428\">G\u00fc\u00e7l\u00fc sonu\u00e7lar\u0131n i\u015f birli\u011fi ve kar\u015f\u0131l\u0131kl\u0131 g\u00fcvenle elde edildi\u011fine inan\u0131yoruz. M\u00fc\u015fteriler, tedarik\u00e7iler ve payda\u015flarla kurulan uzun vadeli ortakl\u0131klar, b\u00fcy\u00fcme stratejimizin merkezinde yer al\u0131r.<\/p>\n\n\t\t<\/div>\n\t<\/div>\n<\/div><\/div><\/div><div class=\"sec-title wpb_column vc_column_container vc_col-sm-6\"><div class=\"vc_column-inner\"><div class=\"wpb_wrapper\">\n\t<div class=\"wpb_text_column wpb_content_element\" >\n\t\t<div class=\"wpb_wrapper\">\n\t\t\t<h3 style=\"text-align: left;\">S\u00f6z\u00fcm\u00fcz<\/h3>\n<div class=\"line\" style=\"text-align: left;\"><\/div>\n\n\t\t<\/div>\n\t<\/div>\n\n\t<div class=\"wpb_text_column wpb_content_element misson-content\" >\n\t\t<div class=\"wpb_wrapper\">\n\t\t\t<p data-start=\"1456\" data-end=\"1549\">Vaatlerimiz, i\u015f ortaklar\u0131m\u0131z\u0131n <span style=\"color: #339966\">clove<\/span><span style=\"color: #339966\">r<\/span><span style=\"color: #ff0000\">\u00ae<\/span> ile \u00e7al\u0131\u015f\u0131rken tutarl\u0131 bir \u015fekilde neler bekleyebilece\u011fini yans\u0131t\u0131r: <strong data-start=\"1537\" data-end=\"1548\">clover\u00ae<\/strong>.<\/p>\n<h3 data-start=\"1551\" data-end=\"1575\"><strong data-start=\"1555\" data-end=\"1575\"><br \/>\nG\u00fcvenilir Kalite<\/strong><\/h3>\n<p data-start=\"1576\" data-end=\"1730\">Tan\u0131mlanm\u0131\u015f spesifikasyonlara, performans gerekliliklerine ve kalite standartlar\u0131na uygun \u00fcr\u00fcn ve hizmetleri; tutarl\u0131 ve g\u00fcvenilir bir \u015fekilde sunmay\u0131 taahh\u00fct ediyoruz.<\/p>\n<h3 data-start=\"1732\" data-end=\"1765\"><strong data-start=\"1736\" data-end=\"1765\"><br \/>\n\u015eeffaf \u0130leti\u015fim<\/strong><\/h3>\n<p data-start=\"1766\" data-end=\"1907\">Ortaklar\u0131m\u0131zla a\u00e7\u0131k, zaman\u0131nda ve d\u00fcr\u00fcst ileti\u015fim kurarak; etkin i\u015f birli\u011fini ve bilin\u00e7li karar alma s\u00fcre\u00e7lerini destekliyoruz.<\/p>\n<h3 data-start=\"1909\" data-end=\"1943\"><strong data-start=\"1913\" data-end=\"1943\"><br \/>\nM\u00fc\u015fteri Odakl\u0131 \u00c7\u00f6z\u00fcmler<\/strong><\/h3>\n<p data-start=\"1944\" data-end=\"2107\">M\u00fc\u015fteri ihtiya\u00e7lar\u0131na, sekt\u00f6r gereksinimlerine ve pazar beklentilerine uygun, duyarl\u0131 teknik ve operasyonel ekiplerle desteklenen \u00f6zel \u00e7\u00f6z\u00fcmler geli\u015ftiriyoruz.<\/p>\n<h3 data-start=\"2109\" data-end=\"2138\"><strong data-start=\"2113\" data-end=\"2138\"><br \/>\nUzun Vadeli Ortakl\u0131k<\/strong><\/h3>\n<p data-start=\"2139\" data-end=\"2276\">K\u0131sa vadeli i\u015flemler yerine; g\u00fcven, g\u00fcvenilirlik ve ortak b\u00fcy\u00fcmeye dayal\u0131 s\u00fcrd\u00fcr\u00fclebilir, uzun vadeli ili\u015fkiler kurmay\u0131 hedefliyoruz.<\/p>\n\n\t\t<\/div>\n\t<\/div>\n<\/div><\/div><\/div><\/div><div class=\"vc_row-full-width vc_clearfix\"><\/div><div data-vc-full-width=\"true\" data-vc-full-width-temp=\"true\" data-vc-full-width-init=\"false\" class=\"vc_row wpb_row vc_row-fluid\"><div class=\"wpb_column vc_column_container vc_col-sm-12\"><div class=\"vc_column-inner\"><div class=\"wpb_wrapper\"><div class=\"vc_empty_space\"   style=\"height: 50px\"><span class=\"vc_empty_space_inner\"><\/span><\/div><\/div><\/div><\/div><\/div><div class=\"vc_row-full-width vc_clearfix\"><\/div><div data-vc-full-width=\"true\" data-vc-full-width-temp=\"true\" data-vc-full-width-init=\"false\" class=\"vc_row wpb_row vc_row-fluid\"><div class=\"wpb_column vc_column_container vc_col-sm-3\"><div class=\"vc_column-inner\"><div class=\"wpb_wrapper\">\n\t<div class=\"wpb_text_column wpb_content_element\" >\n\t\t<div class=\"wpb_wrapper\">\n\t\t\t<h2>Taahh\u00fcd\u00fcm\u00fcz<\/h2>\n<div class=\"line\"><\/div>\n\n\t\t<\/div>\n\t<\/div>\n\n\t<div class=\"wpb_text_column wpb_content_element\" >\n\t\t<div class=\"wpb_wrapper\">\n\t\t\t<p class=\"translation-block\"><span style=\"color: #339966\">clove<\/span><span style=\"color: #339966\">r<\/span><span style=\"color: #ff0000\">\u00ae<\/span>, i\u015f ortaklar\u0131na en y\u00fcksek kalitede \u00fcr\u00fcn ve hizmet sunma kararl\u0131l\u0131\u011f\u0131ndad\u0131r.<\/p>\n\n\t\t<\/div>\n\t<\/div>\n<\/div><\/div><\/div><div class=\"wpb_column vc_column_container vc_col-sm-3\"><div class=\"vc_column-inner\"><div class=\"wpb_wrapper\">\n\t<div class=\"wpb_text_column wpb_content_element\" >\n\t\t<div class=\"wpb_wrapper\">\n\t\t\t<p style=\"text-align: center;\"><span style=\"color: #99cc00;\">clover<span style=\"color: #ff0000;\">\u00ae<\/span><\/span><\/p>\n<p style=\"text-align: center;\">olarak m\u00fc\u015fterilerimizin \u00fcr\u00fcnlerini en y\u00fcksek kalite ile pazara sunabilmelerini sa\u011flamak \u00fczere dahil oldu\u011fumuz sekt\u00f6rler \u00e7er\u00e7evesinde en do\u011fru \u00fcretimi yapmak ve sunmakt\u0131r.<\/p>\n\n\t\t<\/div>\n\t<\/div>\n<\/div><\/div><\/div><div class=\"wpb_column vc_column_container vc_col-sm-3\"><div class=\"vc_column-inner\"><div class=\"wpb_wrapper\">\n\t<div class=\"wpb_text_column wpb_content_element\" >\n\t\t<div class=\"wpb_wrapper\">\n\t\t\t<p style=\"text-align: center;\"><span style=\"color: #99cc00;\">clover<span style=\"color: #ff0000;\">\u00ae<\/span><\/span><\/p>\n<div style=\"text-align: center;\">olarak her bir i\u015f orta\u011f\u0131m\u0131z\u0131n iyi \u00fcr\u00fcn ve hizmet almas\u0131n\u0131 sa\u011flamak asli g\u00f6revimizdir.<\/div>\n<div style=\"text-align: center;\">Bu nedenle, bizimle i\u015f yapt\u0131\u011f\u0131n\u0131z her zaman beklentilerinizin kar\u015f\u0131land\u0131\u011f\u0131ndan emin olman\u0131za yard\u0131mc\u0131 olacak bir M\u00fc\u015fteri Hizmetleri Taahh\u00fcd\u00fcm\u00fcz var.<\/div>\n\n\t\t<\/div>\n\t<\/div>\n<\/div><\/div><\/div><div class=\"wpb_column vc_column_container vc_col-sm-3\"><div class=\"vc_column-inner\"><div class=\"wpb_wrapper\">\n\t<div class=\"wpb_text_column wpb_content_element\" >\n\t\t<div class=\"wpb_wrapper\">\n\t\t\t<p style=\"text-align: center;\"><span style=\"color: #99cc00;\">clover<span style=\"color: #ff0000;\">\u00ae<\/span><\/span><\/p>\n<div class=\"main-content__excerpt body-01\" style=\"text-align: center;\">\n<p class=\"translation-block\">Etik davran\u0131\u015f ilkesine ve y\u00fcr\u00fcrl\u00fckteki t\u00fcm yasalara ba\u011fl\u0131 kalarak; \u015feffafl\u0131k ve d\u00fcr\u00fcstl\u00fck \u00fczerine kurulu bir kurum k\u00fclt\u00fcr\u00fc in\u015fa etmeyi taahh\u00fct ediyoruz. <span style=\"letter-spacing: 0.03em\">Bu de\u011ferler, \u00e7al\u0131\u015fanlar\u0131m\u0131z i\u00e7in temel rehber niteli\u011findedir ve rekabet\u00e7i bir piyasada i\u015fimizin s\u00fcrd\u00fcr\u00fclebilirli\u011fi i\u00e7in kilit rol oynamaktad\u0131r.<\/span><\/p>\n<\/div>\n\n\t\t<\/div>\n\t<\/div>\n<\/div><\/div><\/div><\/div><div class=\"vc_row-full-width vc_clearfix\"><\/div><div data-vc-full-width=\"true\" data-vc-full-width-temp=\"true\" data-vc-full-width-init=\"false\" class=\"vc_row wpb_row vc_row-fluid\"><div class=\"wpb_column vc_column_container vc_col-sm-12\"><div class=\"vc_column-inner\"><div class=\"wpb_wrapper\"><div class=\"vc_empty_space\"   style=\"height: 50px\"><span class=\"vc_empty_space_inner\"><\/span><\/div><\/div><\/div><\/div><\/div><div class=\"vc_row-full-width vc_clearfix\"><\/div><div data-vc-full-width=\"true\" data-vc-full-width-temp=\"true\" data-vc-full-width-init=\"false\" class=\"vc_row wpb_row vc_row-fluid fun-fact-area dark-v vc_custom_1532091802187\"><div class=\"wpb_column vc_column_container vc_col-sm-3\"><div class=\"vc_column-inner vc_custom_1531118161332\"><div class=\"wpb_wrapper\">\n\t<div class=\"wpb_text_column wpb_content_element\" >\n\t\t<div class=\"wpb_wrapper\">\n\t\t\t<h3 class=\"title\">Kurulu\u015f.<br \/>\n2001<\/h3>\n\n\t\t<\/div>\n\t<\/div>\n<\/div><\/div><\/div><div class=\"wpb_column vc_column_container vc_col-sm-3\"><div class=\"vc_column-inner vc_custom_1531117825631\"><div class=\"wpb_wrapper\"><div class=\"single-fun-fact\">\n\t<div class=\"line\"><\/div><!-- \/.line -->\n\t<span class=\"number\"><\/span>\n\t<span class=\"number counter\">25+<\/span>\n\t<p>Y\u0131ldan Fazla Sekt\u00f6rel Deneyim<\/p>\n<\/div><\/div><\/div><\/div><div class=\"wpb_column vc_column_container vc_col-sm-3\"><div class=\"vc_column-inner vc_custom_1531117832989\"><div class=\"wpb_wrapper\"><div class=\"single-fun-fact\">\n\t<div class=\"line\"><\/div><!-- \/.line -->\n\t<span class=\"number\"><\/span>\n\t<span class=\"number counter\">100%<\/span>\n\t<p>K\u00fcresel Eri\u015fim<\/p>\n<\/div><\/div><\/div><\/div><div class=\"wpb_column vc_column_container vc_col-sm-3\"><div class=\"vc_column-inner vc_custom_1531117837291\"><div class=\"wpb_wrapper\"><div class=\"single-fun-fact\">\n\t<div class=\"line\"><\/div><!-- \/.line -->\n\t<span class=\"number\"><\/span>\n\t<span class=\"number counter\">7\/24<\/span>\n\t<p>7\/24 Operasyonel Destek<\/p>\n<\/div><\/div><\/div><\/div><\/div><div class=\"vc_row-full-width vc_clearfix\"><\/div><div data-vc-full-width=\"true\" data-vc-full-width-temp=\"true\" data-vc-full-width-init=\"false\" class=\"vc_row wpb_row vc_row-fluid advisor-area about-page vc_custom_1531366637683\"><div class=\"wpb_column vc_column_container vc_col-sm-12\"><div class=\"vc_column-inner\"><div class=\"wpb_wrapper\">\n\t<div class=\"wpb_text_column wpb_content_element sec-title pull-left\" >\n\t\t<div class=\"wpb_wrapper\">\n\t\t\t<h2>Faaliyet Alanlar\u0131m\u0131z<\/h2>\n<p>Yurti\u00e7i ve yurtd\u0131\u015f\u0131 farkl\u0131 i\u015f alanlar\u0131nda faaliyet g\u00f6stermekteyiz.<\/p>\n\n\t\t<\/div>\n\t<\/div>\n<\/div><\/div><\/div><\/div><div class=\"vc_row-full-width vc_clearfix\"><\/div><div data-vc-full-width=\"true\" data-vc-full-width-temp=\"true\" data-vc-full-width-init=\"false\" class=\"vc_row wpb_row vc_row-fluid advisor-area about-page vc_custom_1609418053166 vc_row-has-fill\"><div class=\"wpb_column vc_column_container vc_col-sm-12\"><div class=\"vc_column-inner\"><div class=\"wpb_wrapper\"><div class=\"vc_row wpb_row vc_inner vc_row-fluid\"><div class=\"wpb_column vc_column_container vc_col-sm-4\"><div class=\"vc_column-inner\"><div class=\"wpb_wrapper\">\n\t<div  class=\"wpb_single_image wpb_content_element vc_align_center wpb_content_element\">\n\t\t<h2 class=\"wpb_heading wpb_singleimage_heading\">Polyester Elyaf<\/h2>\n\t\t<figure class=\"wpb_wrapper vc_figure\">\n\t\t\t<div class=\"vc_single_image-wrapper vc_box_rounded  vc_box_border_grey\"><img loading=\"lazy\" decoding=\"async\" width=\"370\" height=\"228\" src=\"Polyester Elyaf\" class=\"vc_single_image-img attachment-full\" alt=\"\" title=\"Polyester Fiber\" srcset=\"\" sizes=\"auto, (max-width: 370px) 100vw, 370px\" data-srcset=\"\" \/><\/div>\n\t\t<\/figure>\n\t<\/div>\n\n\t<div  class=\"wpb_single_image wpb_content_element vc_align_center wpb_content_element\">\n\t\t<h2 class=\"wpb_heading wpb_singleimage_heading\">\u0130plik<\/h2>\n\t\t<figure class=\"wpb_wrapper vc_figure\">\n\t\t\t<div class=\"vc_single_image-wrapper vc_box_rounded  vc_box_border_grey\"><img loading=\"lazy\" decoding=\"async\" width=\"370\" height=\"228\" src=\"https:\/\/clover.com.tr\/wp-content\/uploads\/2020\/12\/about-yarn.jpg\" class=\"vc_single_image-img attachment-full\" alt=\"\" title=\"\" srcset=\"https:\/\/clover.com.tr\/wp-content\/uploads\/2020\/12\/about-yarn.jpg 370w, https:\/\/clover.com.tr\/wp-content\/uploads\/2020\/12\/about-yarn-300x185.jpg 300w, https:\/\/clover.com.tr\/wp-content\/uploads\/2020\/12\/about-yarn-16x10.jpg 16w\" sizes=\"auto, (max-width: 370px) 100vw, 370px\" \/><\/div>\n\t\t<\/figure>\n\t<\/div>\n<\/div><\/div><\/div><div class=\"wpb_column vc_column_container vc_col-sm-4\"><div class=\"vc_column-inner\"><div class=\"wpb_wrapper\">\n\t<div  class=\"wpb_single_image wpb_content_element vc_align_center wpb_content_element\">\n\t\t<h2 class=\"wpb_heading wpb_singleimage_heading\">Polyester TOW<\/h2>\n\t\t<figure class=\"wpb_wrapper vc_figure\">\n\t\t\t<div class=\"vc_single_image-wrapper vc_box_rounded  vc_box_border_grey\"><img loading=\"lazy\" decoding=\"async\" width=\"370\" height=\"228\" src=\"100% Polyester TOW\" class=\"vc_single_image-img attachment-full\" alt=\"\" title=\"Tow\" srcset=\"\" sizes=\"auto, (max-width: 370px) 100vw, 370px\" data-srcset=\"\" \/><\/div>\n\t\t<\/figure>\n\t<\/div>\n\n\t<div  class=\"wpb_single_image wpb_content_element vc_align_center wpb_content_element\">\n\t\t<h2 class=\"wpb_heading wpb_singleimage_heading\">Ev Tekstili<\/h2>\n\t\t<figure class=\"wpb_wrapper vc_figure\">\n\t\t\t<div class=\"vc_single_image-wrapper vc_box_rounded  vc_box_border_grey\"><img loading=\"lazy\" decoding=\"async\" width=\"370\" height=\"228\" src=\"https:\/\/clover.com.tr\/wp-content\/uploads\/2020\/12\/about-home-textile.jpg\" class=\"vc_single_image-img attachment-full\" alt=\"\" title=\"\" srcset=\"https:\/\/clover.com.tr\/wp-content\/uploads\/2020\/12\/about-home-textile.jpg 370w, https:\/\/clover.com.tr\/wp-content\/uploads\/2020\/12\/about-home-textile-300x185.jpg 300w, https:\/\/clover.com.tr\/wp-content\/uploads\/2020\/12\/about-home-textile-16x10.jpg 16w\" sizes=\"auto, (max-width: 370px) 100vw, 370px\" \/><\/div>\n\t\t<\/figure>\n\t<\/div>\n<\/div><\/div><\/div><div class=\"wpb_column vc_column_container vc_col-sm-4\"><div class=\"vc_column-inner\"><div class=\"wpb_wrapper\">\n\t<div  class=\"wpb_single_image wpb_content_element vc_align_center wpb_content_element\">\n\t\t<h2 class=\"wpb_heading wpb_singleimage_heading\">Polyester Tops<\/h2>\n\t\t<figure class=\"wpb_wrapper vc_figure\">\n\t\t\t<div class=\"vc_single_image-wrapper vc_box_rounded  vc_box_border_grey\"><img loading=\"lazy\" decoding=\"async\" width=\"370\" height=\"228\" src=\"https:\/\/clover.com.tr\/wp-content\/uploads\/2020\/12\/abou-polyester-tops.jpg\" class=\"vc_single_image-img attachment-full\" alt=\"\" title=\"\" srcset=\"https:\/\/clover.com.tr\/wp-content\/uploads\/2020\/12\/abou-polyester-tops.jpg 370w, https:\/\/clover.com.tr\/wp-content\/uploads\/2020\/12\/abou-polyester-tops-300x185.jpg 300w, https:\/\/clover.com.tr\/wp-content\/uploads\/2020\/12\/abou-polyester-tops-16x10.jpg 16w\" sizes=\"auto, (max-width: 370px) 100vw, 370px\" \/><\/div>\n\t\t<\/figure>\n\t<\/div>\n\n\t<div  class=\"wpb_single_image wpb_content_element vc_align_center wpb_content_element\">\n\t\t<h2 class=\"wpb_heading wpb_singleimage_heading\">Mermer<\/h2>\n\t\t<figure class=\"wpb_wrapper vc_figure\">\n\t\t\t<div class=\"vc_single_image-wrapper vc_box_rounded  vc_box_border_grey\"><img loading=\"lazy\" decoding=\"async\" width=\"370\" height=\"228\" src=\"https:\/\/clover.com.tr\/wp-content\/uploads\/2020\/12\/about-marble.jpg\" class=\"vc_single_image-img attachment-full\" alt=\"\" title=\"\" srcset=\"https:\/\/clover.com.tr\/wp-content\/uploads\/2020\/12\/about-marble.jpg 370w, https:\/\/clover.com.tr\/wp-content\/uploads\/2020\/12\/about-marble-300x185.jpg 300w, https:\/\/clover.com.tr\/wp-content\/uploads\/2020\/12\/about-marble-16x10.jpg 16w\" sizes=\"auto, (max-width: 370px) 100vw, 370px\" \/><\/div>\n\t\t<\/figure>\n\t<\/div>\n<\/div><\/div><\/div><\/div><\/div><\/div><\/div><\/div><div class=\"vc_row-full-width vc_clearfix\"><\/div><div data-vc-full-width=\"true\" data-vc-full-width-temp=\"true\" data-vc-full-width-init=\"false\" class=\"vc_row wpb_row vc_row-fluid advisor-area home-page-two sec-pad vc_custom_1531366648532 vc_row-has-fill\"><div class=\"wpb_column vc_column_container vc_col-sm-3\"><div class=\"vc_column-inner\"><div class=\"wpb_wrapper\"><\/div><\/div><\/div><div class=\"sec-title two wpb_column vc_column_container vc_col-sm-3\"><div class=\"vc_column-inner\"><div class=\"wpb_wrapper\"><\/div><\/div><\/div><div class=\"wpb_column vc_column_container vc_col-sm-3\"><div class=\"vc_column-inner\"><div class=\"wpb_wrapper\"><\/div><\/div><\/div><div class=\"wpb_column vc_column_container vc_col-sm-3\"><div class=\"vc_column-inner\"><div class=\"wpb_wrapper\"><\/div><\/div><\/div><\/div><div class=\"vc_row-full-width vc_clearfix\"><\/div>\n<\/div>","protected":false},"excerpt":{"rendered":"Working globally since 2001 clover\u00ae\u00a0Sanayi ve Ticaret A.S. Our Values Our Values At clover\u00ae, our values define how we think, decide, and operate across all our business activities. They guide our relationships with employees, partners, customers, and the communities in which we operate. Integrity We conduct our business with honesty, transparency, and ethical responsibility. Compliance [...]","protected":false},"author":1,"featured_media":0,"parent":0,"menu_order":0,"comment_status":"closed","ping_status":"closed","template":"","meta":{"footnotes":""},"class_list":["post-3968","page","type-page","status-publish","hentry"],"_links":{"self":[{"href":"https:\/\/clover.com.tr\/tr\/wp-json\/wp\/v2\/pages\/3968","targetHints":{"allow":["GET"]}}],"collection":[{"href":"https:\/\/clover.com.tr\/tr\/wp-json\/wp\/v2\/pages"}],"about":[{"href":"https:\/\/clover.com.tr\/tr\/wp-json\/wp\/v2\/types\/page"}],"author":[{"embeddable":true,"href":"https:\/\/clover.com.tr\/tr\/wp-json\/wp\/v2\/users\/1"}],"replies":[{"embeddable":true,"href":"https:\/\/clover.com.tr\/tr\/wp-json\/wp\/v2\/comments?post=3968"}],"version-history":[{"count":9,"href":"https:\/\/clover.com.tr\/tr\/wp-json\/wp\/v2\/pages\/3968\/revisions"}],"predecessor-version":[{"id":4663,"href":"https:\/\/clover.com.tr\/tr\/wp-json\/wp\/v2\/pages\/3968\/revisions\/4663"}],"wp:attachment":[{"href":"https:\/\/clover.com.tr\/tr\/wp-json\/wp\/v2\/media?parent=3968"}],"curies":[{"name":"wp","href":"https:\/\/api.w.org\/{rel}","templated":true}]}}