{"id":4512,"date":"2025-12-29T23:20:32","date_gmt":"2025-12-29T23:20:32","guid":{"rendered":"https:\/\/clover.com.tr\/ethical-principles-2\/"},"modified":"2025-12-29T23:24:25","modified_gmt":"2025-12-29T23:24:25","slug":"legal-responsibilities","status":"publish","type":"page","link":"https:\/\/clover.com.tr\/tr\/legal-responsibilities\/","title":{"rendered":"Hukuki Sorumluluklar\u0131m\u0131z"},"content":{"rendered":"<div class=\"wpb-content-wrapper\"><div data-vc-full-width=\"true\" data-vc-full-width-temp=\"true\" data-vc-full-width-init=\"false\" class=\"vc_row wpb_row vc_row-fluid about-section about-page vc_custom_1531366134122\"><div class=\"wpb_column vc_column_container vc_col-sm-12\"><div class=\"vc_column-inner\"><div class=\"wpb_wrapper\">\n<div class=\"sec-title\">\n\t<div class=\"tag-line\">2001 y\u0131l\u0131ndan bu yana k\u00fcresel \u00e7\u00f6z\u00fcm orta\u011f\u0131n\u0131z<\/div><!-- \/.tag-line -->\n\t<h2><\/p>\n<h2><span style=\"color: #339966\">clover<\/span><span style=\"color: #ff0000\">\u00ae<\/span>\u00a0Sanayi ve Ticaret A.\u015e.<\/h2>\n<p><\/h2>\n<\/div>\n<div class=\"vc_empty_space\"   style=\"height: 30px\"><span class=\"vc_empty_space_inner\"><\/span><\/div>\n\t<div class=\"wpb_text_column wpb_content_element\" >\n\t\t<div class=\"wpb_wrapper\">\n\t\t\t<p data-start=\"992\" data-end=\"1276\">+ <span style=\"color: #339966;\">clover<\/span><strong data-start=\"275\" data-end=\"286\"><span style=\"color: #ff0000;\">\u00ae<\/span><span style=\"color: #000000;\"><span style=\"color: #339966;\">,<\/span><\/span><\/strong>\u00a0legal compliance and transparency are fundamental to how we conduct our business and manage our digital presence. Our legal responsibilities framework defines the principles, policies, and disclosures that govern the use of our website and the handling of information.<\/p>\n<p data-start=\"1278\" data-end=\"1461\">The documents presented in this section outline the rights and responsibilities of visitors, users, and stakeholders, as well as our obligations under applicable laws and regulations.<\/p>\n<p data-start=\"1463\" data-end=\"1628\">We are committed to maintaining clear, accessible, and up-to-date legal information in accordance with data protection, privacy, and digital compliance requirements.<\/p>\n<hr data-start=\"1630\" data-end=\"1633\" \/>\n<h2 data-start=\"1635\" data-end=\"1670\"><strong data-start=\"1638\" data-end=\"1670\">Legal Information &amp; Policies<\/strong><\/h2>\n<p>&nbsp;<\/p>\n<ul data-start=\"1672\" data-end=\"2376\">\n<li data-start=\"1672\" data-end=\"1751\">\n<p data-start=\"1674\" data-end=\"1751\"><strong data-start=\"1674\" data-end=\"1696\">Terms &amp; Conditions<\/strong><br data-start=\"1696\" data-end=\"1699\" \/>Governing the use of this website and its content.<\/p>\n<\/li>\n<li data-start=\"1753\" data-end=\"1846\">\n<p data-start=\"1755\" data-end=\"1846\"><strong data-start=\"1755\" data-end=\"1773\">Gizlilik Politikas\u0131<\/strong><br data-start=\"1773\" data-end=\"1776\" \/>Explaining how personal data is collected, processed, and protected.<\/p>\n<\/li>\n<li data-start=\"1848\" data-end=\"1926\">\n<p data-start=\"1850\" data-end=\"1926\"><strong data-start=\"1850\" data-end=\"1867\">\u00c7erez Politikas\u0131<\/strong><br data-start=\"1867\" data-end=\"1870\" \/>Detailing the use of cookies and similar technologies.<\/p>\n<\/li>\n<li data-start=\"1928\" data-end=\"2023\">\n<p data-start=\"1930\" data-end=\"2023\"><strong data-start=\"1930\" data-end=\"1947\">Medya Kredileri<\/strong><br data-start=\"1947\" data-end=\"1950\" \/>Acknowledging sources of visual and media content used on this website.<\/p>\n<\/li>\n<li data-start=\"2025\" data-end=\"2102\">\n<p data-start=\"2027\" data-end=\"2102\"><strong data-start=\"2027\" data-end=\"2038\">K\u00fcnye<\/strong><br data-start=\"2038\" data-end=\"2041\" \/>Providing legally required company and contact information.<\/p>\n<\/li>\n<li data-start=\"2104\" data-end=\"2194\">\n<p data-start=\"2106\" data-end=\"2194\"><strong data-start=\"2106\" data-end=\"2120\">Feragatname<\/strong><br data-start=\"2120\" data-end=\"2123\" \/>Defining limitations of liability related to website content and use.<\/p>\n<\/li>\n<li data-start=\"2196\" data-end=\"2278\">\n<p data-start=\"2198\" data-end=\"2278\"><strong data-start=\"2198\" data-end=\"2213\">Veri Koruma G\u00f6revlimizle \u0130leti\u015fime Ge\u00e7in<\/strong><br data-start=\"2213\" data-end=\"2216\" \/>Providing contact information for data protection inquiries.<\/p>\n<\/li>\n<li data-start=\"2280\" data-end=\"2376\">\n<p data-start=\"2282\" data-end=\"2376\"><strong data-start=\"2282\" data-end=\"2300\">Gizlilik Merkezi<\/strong><br data-start=\"2300\" data-end=\"2303\" \/>Enabling users to manage privacy preferences and data-related requests.<\/p>\n<\/li>\n<\/ul>\n<hr data-start=\"2378\" data-end=\"2381\" \/>\n<p data-start=\"2383\" data-end=\"2490\">These documents are reviewed regularly to ensure compliance with applicable legislation and best practices.<\/p>\n\n\t\t<\/div>\n\t<\/div>\n<\/div><\/div><\/div><\/div><div class=\"vc_row-full-width vc_clearfix\"><\/div><div data-vc-full-width=\"true\" data-vc-full-width-temp=\"true\" data-vc-full-width-init=\"false\" class=\"vc_row wpb_row vc_row-fluid mission-history-area vc_custom_1531366187529\"><div class=\"sec-title wpb_column vc_column_container vc_col-sm-6\"><div class=\"vc_column-inner\"><div class=\"wpb_wrapper\">\n\t<div class=\"wpb_text_column wpb_content_element\" >\n\t\t<div class=\"wpb_wrapper\">\n\t\t\t<h3>Amac\u0131m\u0131z<\/h3>\n<div class=\"line\"><\/div>\n\n\t\t<\/div>\n\t<\/div>\n\n\t<div class=\"wpb_text_column wpb_content_element misson-content\" >\n\t\t<div class=\"wpb_wrapper\">\n\t\t\t<p>Marka imaj\u0131m\u0131z\u0131 en \u00fcst seviyede devam ettirmek i\u00e7in, kaliteyi en \u00f6nde tutarak, en uygun fiyata en iyi hizmet vermek.<\/p>\n<p>M\u00fcmk\u00fcn olan en iyi m\u00fc\u015fteri hizmetini sa\u011flamak.<\/p>\n<p>Daha geni\u015f vizyona ula\u015fmak ve bu vizyonu s\u00fcrd\u00fcrmek i\u00e7in yeni ortakl\u0131klar kurmak.<\/p>\n\n\t\t<\/div>\n\t<\/div>\n\n\t<div class=\"wpb_text_column wpb_content_element\" >\n\t\t<div class=\"wpb_wrapper\">\n\t\t\t<h3>S\u00f6z\u00fcm\u00fcz<\/h3>\n<div class=\"line\"><\/div>\n\n\t\t<\/div>\n\t<\/div>\n\n\t<div class=\"wpb_text_column wpb_content_element\" >\n\t\t<div class=\"wpb_wrapper\">\n\t\t\t<p><span style=\"color: #ffffff\">\u0130\u015f hayat\u0131na kalite ve s\u00fcrd\u00fcr\u00fclebilirlik kat\u0131yoruz.<\/span><\/p>\n\n\t\t<\/div>\n\t<\/div>\n<\/div><\/div><\/div><div class=\"sec-title wpb_column vc_column_container vc_col-sm-6\"><div class=\"vc_column-inner\"><div class=\"wpb_wrapper\">\n\t<div class=\"wpb_text_column wpb_content_element\" >\n\t\t<div class=\"wpb_wrapper\">\n\t\t\t<h3 style=\"text-align: left;\">De\u011ferlerimiz<\/h3>\n<div class=\"line\" style=\"text-align: left;\"><\/div>\n\n\t\t<\/div>\n\t<\/div>\n\n\t<div class=\"wpb_text_column wpb_content_element misson-content\" >\n\t\t<div class=\"wpb_wrapper\">\n\t\t\t<ul>\n<li style=\"text-align: left;\"><span style=\"color: #ffffff;\">Adil\u00a0<\/span><span style=\"color: #ffffff;\">Ticaret<\/span><\/li>\n<li style=\"text-align: left;\"><span style=\"color: #ffffff;\">\u00d6zen<\/span><\/li>\n<li style=\"text-align: left;\"><span style=\"color: #ffffff;\">D\u00fcr\u00fcstl\u00fck<\/span><\/li>\n<li style=\"text-align: left;\"><span style=\"letter-spacing: 0.48px; color: #ffffff;\">D\u00fcr\u00fcstl\u00fck<\/span><\/li>\n<li style=\"text-align: left;\"><span style=\"letter-spacing: 0.48px; color: #ffffff;\">Sayg\u0131<\/span><\/li>\n<li style=\"text-align: left;\"><span style=\"letter-spacing: 0.48px; color: #ffffff;\">Sorumluluk<\/span><\/li>\n<\/ul>\n\n\t\t<\/div>\n\t<\/div>\n\n\t<div class=\"wpb_text_column wpb_content_element\" >\n\t\t<div class=\"wpb_wrapper\">\n\t\t\t<h3>Vizyonumuz<\/h3>\n<div class=\"line\"><\/div>\n\n\t\t<\/div>\n\t<\/div>\n\n\t<div class=\"wpb_text_column wpb_content_element\" >\n\t\t<div class=\"wpb_wrapper\">\n\t\t\t<p>\u00dcretim ve servis \u00e7\u00f6z\u00fcmleri i\u00e7in en g\u00fcvenilir i\u015f orta\u011f\u0131 olmak.<\/p>\n\n\t\t<\/div>\n\t<\/div>\n<\/div><\/div><\/div><\/div><div class=\"vc_row-full-width vc_clearfix\"><\/div><div data-vc-full-width=\"true\" data-vc-full-width-temp=\"true\" data-vc-full-width-init=\"false\" class=\"vc_row wpb_row vc_row-fluid\"><div class=\"wpb_column vc_column_container vc_col-sm-12\"><div class=\"vc_column-inner\"><div class=\"wpb_wrapper\"><div class=\"vc_empty_space\"   style=\"height: 50px\"><span class=\"vc_empty_space_inner\"><\/span><\/div><\/div><\/div><\/div><\/div><div class=\"vc_row-full-width vc_clearfix\"><\/div><div data-vc-full-width=\"true\" data-vc-full-width-temp=\"true\" data-vc-full-width-init=\"false\" class=\"vc_row wpb_row vc_row-fluid\"><div class=\"wpb_column vc_column_container vc_col-sm-3\"><div class=\"vc_column-inner\"><div class=\"wpb_wrapper\">\n\t<div class=\"wpb_text_column wpb_content_element\" >\n\t\t<div class=\"wpb_wrapper\">\n\t\t\t<h2>Taahh\u00fcd\u00fcm\u00fcz<\/h2>\n<div class=\"line\"><\/div>\n\n\t\t<\/div>\n\t<\/div>\n\n\t<div class=\"wpb_text_column wpb_content_element\" >\n\t\t<div class=\"wpb_wrapper\">\n\t\t\t<p class=\"translation-block\"><span style=\"color: #339966\">clove<\/span><span style=\"color: #339966\">r<\/span><span style=\"color: #ff0000\">\u00ae<\/span>, i\u015f ortaklar\u0131na en y\u00fcksek kalitede \u00fcr\u00fcn ve hizmet sunma kararl\u0131l\u0131\u011f\u0131ndad\u0131r.<\/p>\n\n\t\t<\/div>\n\t<\/div>\n<\/div><\/div><\/div><div class=\"wpb_column vc_column_container vc_col-sm-3\"><div class=\"vc_column-inner\"><div class=\"wpb_wrapper\">\n\t<div class=\"wpb_text_column wpb_content_element\" >\n\t\t<div class=\"wpb_wrapper\">\n\t\t\t<p style=\"text-align: center;\"><span style=\"color: #99cc00;\">clover<span style=\"color: #ff0000;\">\u00ae<\/span><\/span><\/p>\n<p style=\"text-align: center;\">olarak m\u00fc\u015fterilerimizin \u00fcr\u00fcnlerini en y\u00fcksek kalite ile pazara sunabilmelerini sa\u011flamak \u00fczere dahil oldu\u011fumuz sekt\u00f6rler \u00e7er\u00e7evesinde en do\u011fru \u00fcretimi yapmak ve sunmakt\u0131r.<\/p>\n\n\t\t<\/div>\n\t<\/div>\n<\/div><\/div><\/div><div class=\"wpb_column vc_column_container vc_col-sm-3\"><div class=\"vc_column-inner\"><div class=\"wpb_wrapper\">\n\t<div class=\"wpb_text_column wpb_content_element\" >\n\t\t<div class=\"wpb_wrapper\">\n\t\t\t<p style=\"text-align: center;\"><span style=\"color: #99cc00;\">clover<span style=\"color: #ff0000;\">\u00ae<\/span><\/span><\/p>\n<div style=\"text-align: center;\">olarak her bir i\u015f orta\u011f\u0131m\u0131z\u0131n iyi \u00fcr\u00fcn ve hizmet almas\u0131n\u0131 sa\u011flamak asli g\u00f6revimizdir.<\/div>\n<div style=\"text-align: center;\">Bu nedenle, bizimle i\u015f yapt\u0131\u011f\u0131n\u0131z her zaman beklentilerinizin kar\u015f\u0131land\u0131\u011f\u0131ndan emin olman\u0131za yard\u0131mc\u0131 olacak bir M\u00fc\u015fteri Hizmetleri Taahh\u00fcd\u00fcm\u00fcz var.<\/div>\n\n\t\t<\/div>\n\t<\/div>\n<\/div><\/div><\/div><div class=\"wpb_column vc_column_container vc_col-sm-3\"><div class=\"vc_column-inner\"><div class=\"wpb_wrapper\">\n\t<div class=\"wpb_text_column wpb_content_element\" >\n\t\t<div class=\"wpb_wrapper\">\n\t\t\t<p style=\"text-align: center;\"><span style=\"color: #99cc00;\">clover<span style=\"color: #ff0000;\">\u00ae<\/span><\/span><\/p>\n<div class=\"main-content__excerpt body-01\" style=\"text-align: center;\">\n<p class=\"translation-block\">Etik davran\u0131\u015f ilkesine ve y\u00fcr\u00fcrl\u00fckteki t\u00fcm yasalara ba\u011fl\u0131 kalarak; \u015feffafl\u0131k ve d\u00fcr\u00fcstl\u00fck \u00fczerine kurulu bir kurum k\u00fclt\u00fcr\u00fc in\u015fa etmeyi taahh\u00fct ediyoruz. <span style=\"letter-spacing: 0.03em\">Bu de\u011ferler, \u00e7al\u0131\u015fanlar\u0131m\u0131z i\u00e7in temel rehber niteli\u011findedir ve rekabet\u00e7i bir piyasada i\u015fimizin s\u00fcrd\u00fcr\u00fclebilirli\u011fi i\u00e7in kilit rol oynamaktad\u0131r.<\/span><\/p>\n<\/div>\n\n\t\t<\/div>\n\t<\/div>\n<\/div><\/div><\/div><\/div><div class=\"vc_row-full-width vc_clearfix\"><\/div><div data-vc-full-width=\"true\" data-vc-full-width-temp=\"true\" data-vc-full-width-init=\"false\" class=\"vc_row wpb_row vc_row-fluid\"><div class=\"wpb_column vc_column_container vc_col-sm-12\"><div class=\"vc_column-inner\"><div class=\"wpb_wrapper\"><div class=\"vc_empty_space\"   style=\"height: 50px\"><span class=\"vc_empty_space_inner\"><\/span><\/div><\/div><\/div><\/div><\/div><div class=\"vc_row-full-width vc_clearfix\"><\/div><div data-vc-full-width=\"true\" data-vc-full-width-temp=\"true\" data-vc-full-width-init=\"false\" class=\"vc_row wpb_row vc_row-fluid fun-fact-area dark-v vc_custom_1532091802187\"><div class=\"wpb_column vc_column_container vc_col-sm-3\"><div class=\"vc_column-inner vc_custom_1531118161332\"><div class=\"wpb_wrapper\">\n\t<div class=\"wpb_text_column wpb_content_element\" >\n\t\t<div class=\"wpb_wrapper\">\n\t\t\t<h3 class=\"title\">Kurulu\u015f.<br \/>\n2001<\/h3>\n\n\t\t<\/div>\n\t<\/div>\n<\/div><\/div><\/div><div class=\"wpb_column vc_column_container vc_col-sm-3\"><div class=\"vc_column-inner vc_custom_1531117825631\"><div class=\"wpb_wrapper\"><div class=\"single-fun-fact\">\n\t<div class=\"line\"><\/div><!-- \/.line -->\n\t<span class=\"number\"><\/span>\n\t<span class=\"number counter\">23<\/span>\n\t<p>Year In Business<\/p>\n<\/div><\/div><\/div><\/div><div class=\"wpb_column vc_column_container vc_col-sm-3\"><div class=\"vc_column-inner vc_custom_1531117832989\"><div class=\"wpb_wrapper\"><div class=\"single-fun-fact\">\n\t<div class=\"line\"><\/div><!-- \/.line -->\n\t<span class=\"number\"><\/span>\n\t<span class=\"number counter\">100%<\/span>\n\t<p>m\u00fc\u015fteri memnuniyeti.<\/p>\n<\/div><\/div><\/div><\/div><div class=\"wpb_column vc_column_container vc_col-sm-3\"><div class=\"vc_column-inner vc_custom_1531117837291\"><div class=\"wpb_wrapper\"><div class=\"single-fun-fact\">\n\t<div class=\"line\"><\/div><!-- \/.line -->\n\t<span class=\"number\"><\/span>\n\t<span class=\"number counter\">7\/24<\/span>\n\t<p>G\u00f6revdeyiz.<\/p>\n<\/div><\/div><\/div><\/div><\/div><div class=\"vc_row-full-width vc_clearfix\"><\/div><div data-vc-full-width=\"true\" data-vc-full-width-temp=\"true\" data-vc-full-width-init=\"false\" class=\"vc_row wpb_row vc_row-fluid advisor-area about-page vc_custom_1531366637683\"><div class=\"wpb_column vc_column_container vc_col-sm-12\"><div class=\"vc_column-inner\"><div class=\"wpb_wrapper\">\n\t<div class=\"wpb_text_column wpb_content_element sec-title pull-left\" >\n\t\t<div class=\"wpb_wrapper\">\n\t\t\t<h2>Faaliyet Alanlar\u0131m\u0131z<\/h2>\n<p>Yurti\u00e7i ve yurtd\u0131\u015f\u0131 farkl\u0131 i\u015f alanlar\u0131nda faaliyet g\u00f6stermekteyiz.<\/p>\n\n\t\t<\/div>\n\t<\/div>\n<\/div><\/div><\/div><\/div><div class=\"vc_row-full-width vc_clearfix\"><\/div><div data-vc-full-width=\"true\" data-vc-full-width-temp=\"true\" data-vc-full-width-init=\"false\" class=\"vc_row wpb_row vc_row-fluid advisor-area about-page vc_custom_1609418053166 vc_row-has-fill\"><div class=\"wpb_column vc_column_container vc_col-sm-12\"><div class=\"vc_column-inner\"><div class=\"wpb_wrapper\"><div class=\"vc_row wpb_row vc_inner vc_row-fluid\"><div class=\"wpb_column vc_column_container vc_col-sm-4\"><div class=\"vc_column-inner\"><div class=\"wpb_wrapper\">\n\t<div  class=\"wpb_single_image wpb_content_element vc_align_center wpb_content_element\">\n\t\t<h2 class=\"wpb_heading wpb_singleimage_heading\">Polyester Elyaf<\/h2>\n\t\t<figure class=\"wpb_wrapper vc_figure\">\n\t\t\t<div class=\"vc_single_image-wrapper vc_box_rounded  vc_box_border_grey\"><img loading=\"lazy\" decoding=\"async\" width=\"370\" height=\"228\" src=\"Polyester Elyaf\" class=\"vc_single_image-img attachment-full\" alt=\"\" title=\"Polyester Fiber\" srcset=\"\" sizes=\"auto, (max-width: 370px) 100vw, 370px\" data-srcset=\"\" \/><\/div>\n\t\t<\/figure>\n\t<\/div>\n\n\t<div  class=\"wpb_single_image wpb_content_element vc_align_center wpb_content_element\">\n\t\t<h2 class=\"wpb_heading wpb_singleimage_heading\">\u0130plik<\/h2>\n\t\t<figure class=\"wpb_wrapper vc_figure\">\n\t\t\t<div class=\"vc_single_image-wrapper vc_box_rounded  vc_box_border_grey\"><img loading=\"lazy\" decoding=\"async\" width=\"370\" height=\"228\" src=\"https:\/\/clover.com.tr\/wp-content\/uploads\/2020\/12\/about-yarn.jpg\" class=\"vc_single_image-img attachment-full\" alt=\"\" title=\"\" srcset=\"https:\/\/clover.com.tr\/wp-content\/uploads\/2020\/12\/about-yarn.jpg 370w, https:\/\/clover.com.tr\/wp-content\/uploads\/2020\/12\/about-yarn-300x185.jpg 300w, https:\/\/clover.com.tr\/wp-content\/uploads\/2020\/12\/about-yarn-16x10.jpg 16w\" sizes=\"auto, (max-width: 370px) 100vw, 370px\" \/><\/div>\n\t\t<\/figure>\n\t<\/div>\n<\/div><\/div><\/div><div class=\"wpb_column vc_column_container vc_col-sm-4\"><div class=\"vc_column-inner\"><div class=\"wpb_wrapper\">\n\t<div  class=\"wpb_single_image wpb_content_element vc_align_center wpb_content_element\">\n\t\t<h2 class=\"wpb_heading wpb_singleimage_heading\">Polyester TOW<\/h2>\n\t\t<figure class=\"wpb_wrapper vc_figure\">\n\t\t\t<div class=\"vc_single_image-wrapper vc_box_rounded  vc_box_border_grey\"><img loading=\"lazy\" decoding=\"async\" width=\"370\" height=\"228\" src=\"100% Polyester TOW\" class=\"vc_single_image-img attachment-full\" alt=\"\" title=\"Tow\" srcset=\"\" sizes=\"auto, (max-width: 370px) 100vw, 370px\" data-srcset=\"\" \/><\/div>\n\t\t<\/figure>\n\t<\/div>\n\n\t<div  class=\"wpb_single_image wpb_content_element vc_align_center wpb_content_element\">\n\t\t<h2 class=\"wpb_heading wpb_singleimage_heading\">Ev Tekstili<\/h2>\n\t\t<figure class=\"wpb_wrapper vc_figure\">\n\t\t\t<div class=\"vc_single_image-wrapper vc_box_rounded  vc_box_border_grey\"><img loading=\"lazy\" decoding=\"async\" width=\"370\" height=\"228\" src=\"https:\/\/clover.com.tr\/wp-content\/uploads\/2020\/12\/about-home-textile.jpg\" class=\"vc_single_image-img attachment-full\" alt=\"\" title=\"\" srcset=\"https:\/\/clover.com.tr\/wp-content\/uploads\/2020\/12\/about-home-textile.jpg 370w, https:\/\/clover.com.tr\/wp-content\/uploads\/2020\/12\/about-home-textile-300x185.jpg 300w, https:\/\/clover.com.tr\/wp-content\/uploads\/2020\/12\/about-home-textile-16x10.jpg 16w\" sizes=\"auto, (max-width: 370px) 100vw, 370px\" \/><\/div>\n\t\t<\/figure>\n\t<\/div>\n<\/div><\/div><\/div><div class=\"wpb_column vc_column_container vc_col-sm-4\"><div class=\"vc_column-inner\"><div class=\"wpb_wrapper\">\n\t<div  class=\"wpb_single_image wpb_content_element vc_align_center wpb_content_element\">\n\t\t<h2 class=\"wpb_heading wpb_singleimage_heading\">Polyester Tops<\/h2>\n\t\t<figure class=\"wpb_wrapper vc_figure\">\n\t\t\t<div class=\"vc_single_image-wrapper vc_box_rounded  vc_box_border_grey\"><img loading=\"lazy\" decoding=\"async\" width=\"370\" height=\"228\" src=\"https:\/\/clover.com.tr\/wp-content\/uploads\/2020\/12\/abou-polyester-tops.jpg\" class=\"vc_single_image-img attachment-full\" alt=\"\" title=\"\" srcset=\"https:\/\/clover.com.tr\/wp-content\/uploads\/2020\/12\/abou-polyester-tops.jpg 370w, https:\/\/clover.com.tr\/wp-content\/uploads\/2020\/12\/abou-polyester-tops-300x185.jpg 300w, https:\/\/clover.com.tr\/wp-content\/uploads\/2020\/12\/abou-polyester-tops-16x10.jpg 16w\" sizes=\"auto, (max-width: 370px) 100vw, 370px\" \/><\/div>\n\t\t<\/figure>\n\t<\/div>\n\n\t<div  class=\"wpb_single_image wpb_content_element vc_align_center wpb_content_element\">\n\t\t<h2 class=\"wpb_heading wpb_singleimage_heading\">Mermer<\/h2>\n\t\t<figure class=\"wpb_wrapper vc_figure\">\n\t\t\t<div class=\"vc_single_image-wrapper vc_box_rounded  vc_box_border_grey\"><img loading=\"lazy\" decoding=\"async\" width=\"370\" height=\"228\" src=\"https:\/\/clover.com.tr\/wp-content\/uploads\/2020\/12\/about-marble.jpg\" class=\"vc_single_image-img attachment-full\" alt=\"\" title=\"\" srcset=\"https:\/\/clover.com.tr\/wp-content\/uploads\/2020\/12\/about-marble.jpg 370w, https:\/\/clover.com.tr\/wp-content\/uploads\/2020\/12\/about-marble-300x185.jpg 300w, https:\/\/clover.com.tr\/wp-content\/uploads\/2020\/12\/about-marble-16x10.jpg 16w\" sizes=\"auto, (max-width: 370px) 100vw, 370px\" \/><\/div>\n\t\t<\/figure>\n\t<\/div>\n<\/div><\/div><\/div><\/div><\/div><\/div><\/div><\/div><div class=\"vc_row-full-width vc_clearfix\"><\/div><div data-vc-full-width=\"true\" data-vc-full-width-temp=\"true\" data-vc-full-width-init=\"false\" class=\"vc_row wpb_row vc_row-fluid advisor-area home-page-two sec-pad vc_custom_1531366648532 vc_row-has-fill\"><div class=\"wpb_column vc_column_container vc_col-sm-3\"><div class=\"vc_column-inner\"><div class=\"wpb_wrapper\"><\/div><\/div><\/div><div class=\"sec-title two wpb_column vc_column_container vc_col-sm-3\"><div class=\"vc_column-inner\"><div class=\"wpb_wrapper\"><\/div><\/div><\/div><div class=\"wpb_column vc_column_container vc_col-sm-3\"><div class=\"vc_column-inner\"><div class=\"wpb_wrapper\"><\/div><\/div><\/div><div class=\"wpb_column vc_column_container vc_col-sm-3\"><div class=\"vc_column-inner\"><div class=\"wpb_wrapper\"><\/div><\/div><\/div><\/div><div class=\"vc_row-full-width vc_clearfix\"><\/div>\n<\/div>","protected":false},"excerpt":{"rendered":"Working globally since 2001 clover\u00ae\u00a0Sanayi ve Ticaret A.S. At clover\u00ae,\u00a0legal compliance and transparency are fundamental to how we conduct our business and manage our digital presence. Our legal responsibilities framework defines the principles, policies, and disclosures that govern the use of our website and the handling of information. The documents presented in this section outline [...]","protected":false},"author":1,"featured_media":0,"parent":0,"menu_order":0,"comment_status":"closed","ping_status":"closed","template":"","meta":{"footnotes":""},"class_list":["post-4512","page","type-page","status-publish","hentry"],"_links":{"self":[{"href":"https:\/\/clover.com.tr\/tr\/wp-json\/wp\/v2\/pages\/4512","targetHints":{"allow":["GET"]}}],"collection":[{"href":"https:\/\/clover.com.tr\/tr\/wp-json\/wp\/v2\/pages"}],"about":[{"href":"https:\/\/clover.com.tr\/tr\/wp-json\/wp\/v2\/types\/page"}],"author":[{"embeddable":true,"href":"https:\/\/clover.com.tr\/tr\/wp-json\/wp\/v2\/users\/1"}],"replies":[{"embeddable":true,"href":"https:\/\/clover.com.tr\/tr\/wp-json\/wp\/v2\/comments?post=4512"}],"version-history":[{"count":2,"href":"https:\/\/clover.com.tr\/tr\/wp-json\/wp\/v2\/pages\/4512\/revisions"}],"predecessor-version":[{"id":4515,"href":"https:\/\/clover.com.tr\/tr\/wp-json\/wp\/v2\/pages\/4512\/revisions\/4515"}],"wp:attachment":[{"href":"https:\/\/clover.com.tr\/tr\/wp-json\/wp\/v2\/media?parent=4512"}],"curies":[{"name":"wp","href":"https:\/\/api.w.org\/{rel}","templated":true}]}}